{"id":115,"date":"2021-03-18T04:59:12","date_gmt":"2021-03-18T03:59:12","guid":{"rendered":"https:\/\/boxmusic.com.pl\/?page_id=115"},"modified":"2021-03-25T04:44:49","modified_gmt":"2021-03-25T03:44:49","slug":"tim-fabian","status":"publish","type":"page","link":"https:\/\/boxmusic.com.pl\/index.php\/artysci\/tim-fabian\/","title":{"rendered":"Tim Fabian"},"content":{"rendered":"\n<div class=\"wp-block-image\"><figure class=\"aligncenter size-large\"><img loading=\"lazy\" decoding=\"async\" width=\"1024\" height=\"683\" src=\"https:\/\/boxmusic.com.pl\/wp-content\/uploads\/2021\/03\/0Tim_Fabian_FotoManfredEsser_442_ret_wynik-1024x683.jpg\" alt=\"\" class=\"wp-image-107\" srcset=\"https:\/\/boxmusic.com.pl\/wp-content\/uploads\/2021\/03\/0Tim_Fabian_FotoManfredEsser_442_ret_wynik-1024x683.jpg 1024w, https:\/\/boxmusic.com.pl\/wp-content\/uploads\/2021\/03\/0Tim_Fabian_FotoManfredEsser_442_ret_wynik-300x200.jpg 300w, https:\/\/boxmusic.com.pl\/wp-content\/uploads\/2021\/03\/0Tim_Fabian_FotoManfredEsser_442_ret_wynik-768x512.jpg 768w, https:\/\/boxmusic.com.pl\/wp-content\/uploads\/2021\/03\/0Tim_Fabian_FotoManfredEsser_442_ret_wynik-1200x800.jpg 1200w, https:\/\/boxmusic.com.pl\/wp-content\/uploads\/2021\/03\/0Tim_Fabian_FotoManfredEsser_442_ret_wynik-24x16.jpg 24w, https:\/\/boxmusic.com.pl\/wp-content\/uploads\/2021\/03\/0Tim_Fabian_FotoManfredEsser_442_ret_wynik-36x24.jpg 36w, https:\/\/boxmusic.com.pl\/wp-content\/uploads\/2021\/03\/0Tim_Fabian_FotoManfredEsser_442_ret_wynik-48x32.jpg 48w, https:\/\/boxmusic.com.pl\/wp-content\/uploads\/2021\/03\/0Tim_Fabian_FotoManfredEsser_442_ret_wynik.jpg 1297w\" sizes=\"auto, (max-width: 1024px) 100vw, 1024px\" \/><\/figure><\/div>\n\n\n\n<p>Wokalista pochodz\u0105cy z Chorzowa Batorego, gdzie debiutowa\u0142 na scenie muzycznej ju\u017c jako sze\u015bciolatek (w Zespole Mniejsza o to). Od dzieci\u0144stwa mieszka w Niemczech, niemniej bardzo cz\u0119sto i z wielk\u0105 rado\u015bci\u0105 przyje\u017cd\u017ca do Polski. Piosenki Tima Fabiana utrzymane s\u0105 w r\u00f3\u017cnym stylu, niemniej przewa\u017caj\u0105 w nich romantyczne ballady. Serca naszej publiczno\u015bci Tim Fabian podbi\u0142 przebojami <em>Pary\u017c, ja i Ty<\/em> czy <em>W Tobie widz\u0119 ca\u0142y \u015awiat<\/em>. Tim r\u00f3wnolegle podbija scen\u0119 muzyczn\u0105 w Niemczech, gdzie r\u00f3wnie\u017c cieszy si\u0119 spor\u0105 sympati\u0105 Widz\u00f3w.<\/p>\n\n\n\n<figure class=\"wp-block-image size-large\"><img loading=\"lazy\" decoding=\"async\" width=\"1024\" height=\"683\" src=\"https:\/\/boxmusic.com.pl\/wp-content\/uploads\/2021\/03\/0Tim_Fabian_FotoManfredEsser_683_ret_wynik-1024x683.jpg\" alt=\"\" class=\"wp-image-71\" srcset=\"https:\/\/boxmusic.com.pl\/wp-content\/uploads\/2021\/03\/0Tim_Fabian_FotoManfredEsser_683_ret_wynik-1024x683.jpg 1024w, https:\/\/boxmusic.com.pl\/wp-content\/uploads\/2021\/03\/0Tim_Fabian_FotoManfredEsser_683_ret_wynik-300x200.jpg 300w, https:\/\/boxmusic.com.pl\/wp-content\/uploads\/2021\/03\/0Tim_Fabian_FotoManfredEsser_683_ret_wynik-768x512.jpg 768w, https:\/\/boxmusic.com.pl\/wp-content\/uploads\/2021\/03\/0Tim_Fabian_FotoManfredEsser_683_ret_wynik-1200x800.jpg 1200w, https:\/\/boxmusic.com.pl\/wp-content\/uploads\/2021\/03\/0Tim_Fabian_FotoManfredEsser_683_ret_wynik-24x16.jpg 24w, https:\/\/boxmusic.com.pl\/wp-content\/uploads\/2021\/03\/0Tim_Fabian_FotoManfredEsser_683_ret_wynik-36x24.jpg 36w, https:\/\/boxmusic.com.pl\/wp-content\/uploads\/2021\/03\/0Tim_Fabian_FotoManfredEsser_683_ret_wynik-48x32.jpg 48w, https:\/\/boxmusic.com.pl\/wp-content\/uploads\/2021\/03\/0Tim_Fabian_FotoManfredEsser_683_ret_wynik.jpg 1297w\" sizes=\"auto, (max-width: 1024px) 100vw, 1024px\" \/><\/figure>\n\n\n\n<p>Pod koniec 2017 roku nak\u0142adem Wydawnictwa Box Music ukaza\u0142a si\u0119 debiutancka p\u0142yta Tima Fabiana, zatytu\u0142owana <em>Pokochaj mnie<\/em>. Jak sam tytu\u0142 wskazuje, p\u0142yta jest bardzo romantyczna, niemniej nie zabrak\u0142o na niej te\u017c szybszych kawa\u0142k\u00f3w. Piosenki utrzymane s\u0105 w klimatach muzyki pop, dance, szlagier\u00f3w, a przede wszystkim romantycznych ballad. Na p\u0142ycie znajdziemy kilka kompozycji legendarnego kompozytora i aran\u017cera \u2013 czyli Bogdana Kisiela. Piosenki opowiadaj\u0105 o mi\u0142o\u015bci, \u017cyciu, nadziei\u2026 Znajdziemy tu (poza wy\u017cej wymienionymi) takie hity, jak <em>Pokochaj mnie<\/em>, <em>Za rok lub dwa<\/em>, <em>M\u00f3j Aniele<\/em>, <em>B\u0119dzie co ma by\u0107<\/em>.<\/p>\n","protected":false},"excerpt":{"rendered":"<p>Wokalista pochodz\u0105cy z Chorzowa Batorego, gdzie debiutowa\u0142 na scenie muzycznej ju\u017c jako sze\u015bciolatek (w Zespole Mniejsza o to). Od dzieci\u0144stwa &hellip; <a href=\"https:\/\/boxmusic.com.pl\/index.php\/artysci\/tim-fabian\/\" class=\"more-link\"><span class=\"more-button\">Czytaj dalej<span class=\"screen-reader-text\">Tim Fabian<\/span><\/span><\/a><\/p>\n","protected":false},"author":3,"featured_media":107,"parent":55,"menu_order":0,"comment_status":"closed","ping_status":"closed","template":"","meta":{"footnotes":""},"class_list":["post-115","page","type-page","status-publish","has-post-thumbnail","hentry"],"_links":{"self":[{"href":"https:\/\/boxmusic.com.pl\/index.php\/wp-json\/wp\/v2\/pages\/115","targetHints":{"allow":["GET"]}}],"collection":[{"href":"https:\/\/boxmusic.com.pl\/index.php\/wp-json\/wp\/v2\/pages"}],"about":[{"href":"https:\/\/boxmusic.com.pl\/index.php\/wp-json\/wp\/v2\/types\/page"}],"author":[{"embeddable":true,"href":"https:\/\/boxmusic.com.pl\/index.php\/wp-json\/wp\/v2\/users\/3"}],"replies":[{"embeddable":true,"href":"https:\/\/boxmusic.com.pl\/index.php\/wp-json\/wp\/v2\/comments?post=115"}],"version-history":[{"count":3,"href":"https:\/\/boxmusic.com.pl\/index.php\/wp-json\/wp\/v2\/pages\/115\/revisions"}],"predecessor-version":[{"id":528,"href":"https:\/\/boxmusic.com.pl\/index.php\/wp-json\/wp\/v2\/pages\/115\/revisions\/528"}],"up":[{"embeddable":true,"href":"https:\/\/boxmusic.com.pl\/index.php\/wp-json\/wp\/v2\/pages\/55"}],"wp:featuredmedia":[{"embeddable":true,"href":"https:\/\/boxmusic.com.pl\/index.php\/wp-json\/wp\/v2\/media\/107"}],"wp:attachment":[{"href":"https:\/\/boxmusic.com.pl\/index.php\/wp-json\/wp\/v2\/media?parent=115"}],"curies":[{"name":"wp","href":"https:\/\/api.w.org\/{rel}","templated":true}]}}