{"id":124,"date":"2021-03-18T05:19:53","date_gmt":"2021-03-18T04:19:53","guid":{"rendered":"https:\/\/boxmusic.com.pl\/?page_id=124"},"modified":"2021-03-25T04:41:05","modified_gmt":"2021-03-25T03:41:05","slug":"frela-blue","status":"publish","type":"page","link":"https:\/\/boxmusic.com.pl\/index.php\/artysci\/frela-blue\/","title":{"rendered":"Frela Blue"},"content":{"rendered":"\n<div class=\"wp-block-image\"><figure class=\"aligncenter size-large is-resized\"><img loading=\"lazy\" decoding=\"async\" src=\"https:\/\/boxmusic.com.pl\/wp-content\/uploads\/2021\/03\/Frela-Blue-1.jpg\" alt=\"\" class=\"wp-image-58\" width=\"280\" height=\"270\" srcset=\"https:\/\/boxmusic.com.pl\/wp-content\/uploads\/2021\/03\/Frela-Blue-1.jpg 795w, https:\/\/boxmusic.com.pl\/wp-content\/uploads\/2021\/03\/Frela-Blue-1-300x290.jpg 300w, https:\/\/boxmusic.com.pl\/wp-content\/uploads\/2021\/03\/Frela-Blue-1-768x742.jpg 768w, https:\/\/boxmusic.com.pl\/wp-content\/uploads\/2021\/03\/Frela-Blue-1-24x24.jpg 24w, https:\/\/boxmusic.com.pl\/wp-content\/uploads\/2021\/03\/Frela-Blue-1-36x36.jpg 36w, https:\/\/boxmusic.com.pl\/wp-content\/uploads\/2021\/03\/Frela-Blue-1-48x46.jpg 48w\" sizes=\"auto, (max-width: 280px) 100vw, 280px\" \/><\/figure><\/div>\n\n\n\n<p>Wszechstronna Artystka pochodz\u0105ca z serca \u015al\u0105ska \u2013 z Katowic. Od wielu lat mieszka w Niemczech, niemniej kocha sw\u0105 ojczyzn\u0119. Na \u015bl\u0105skiej scenie debiutowa\u0142a niedawno \u2013 w 2019 roku, od razu zdobywaj\u0105c spor\u0105 popularno\u015b\u0107 i sympati\u0119 Publiczno\u015bci.<\/p>\n\n\n\n<figure class=\"wp-block-image size-large\"><img loading=\"lazy\" decoding=\"async\" width=\"768\" height=\"811\" src=\"https:\/\/boxmusic.com.pl\/wp-content\/uploads\/2021\/03\/Frela-Blue-2.jpg\" alt=\"\" class=\"wp-image-57\" srcset=\"https:\/\/boxmusic.com.pl\/wp-content\/uploads\/2021\/03\/Frela-Blue-2.jpg 768w, https:\/\/boxmusic.com.pl\/wp-content\/uploads\/2021\/03\/Frela-Blue-2-284x300.jpg 284w, https:\/\/boxmusic.com.pl\/wp-content\/uploads\/2021\/03\/Frela-Blue-2-24x24.jpg 24w, https:\/\/boxmusic.com.pl\/wp-content\/uploads\/2021\/03\/Frela-Blue-2-34x36.jpg 34w, https:\/\/boxmusic.com.pl\/wp-content\/uploads\/2021\/03\/Frela-Blue-2-45x48.jpg 45w\" sizes=\"auto, (max-width: 768px) 100vw, 768px\" \/><\/figure>\n\n\n\n<p>Niezwykle utalentowana wokalistka, autorka tekst\u00f3w, kompozytorka muzyki, poetka, malarka, fotografka, kabareciarka. Swym pasjom po\u015bwi\u0119ca si\u0119 bezgranicznie. Kocha te\u017c sport i przyrod\u0119. Artystka sama tworzy swoje piosenki \u2013 obowi\u0105zkowo w gwarze \u015bl\u0105skiej. Piosenki Freli Blue utrzymane s\u0105 w r\u00f3\u017cnej stylistyce \u2013 jak blues, swing, pop, rock, a nawet brzmienia latynoskie. Wyr\u00f3\u017cnikiem piosenek Freli Blue (poza rewelacyjnym wykonaniem) s\u0105 niew\u0105tpliwie teksty \u2013 pe\u0142ne humoru, nieco satyryczne, momentami wr\u0119cz sarkastyczne, stanowi\u0105ce barwny, ale te\u017c niezwykle trafny komentarz do wsp\u00f3\u0142czesnej rzeczywisto\u015bci. Tw\u00f3rczo\u015b\u0107 Freli Blue niew\u0105tpliwie bardzo wyr\u00f3\u017cnia si\u0119 na naszym rynku, a o samej Artystce b\u0119dzie jeszcze g\u0142o\u015bno w mediach. Frela Blue znana jest z takich piosenek, jak <em>Uwodziny Ancika<\/em>, <em>Internet<\/em>, <em>Babskie tasie<\/em>, <em>Niy mom co \u0142oblyc<\/em>.<\/p>\n","protected":false},"excerpt":{"rendered":"<p>Wszechstronna Artystka pochodz\u0105ca z serca \u015al\u0105ska \u2013 z Katowic. Od wielu lat mieszka w Niemczech, niemniej kocha sw\u0105 ojczyzn\u0119. Na &hellip; <a href=\"https:\/\/boxmusic.com.pl\/index.php\/artysci\/frela-blue\/\" class=\"more-link\"><span class=\"more-button\">Czytaj dalej<span class=\"screen-reader-text\">Frela Blue<\/span><\/span><\/a><\/p>\n","protected":false},"author":3,"featured_media":58,"parent":55,"menu_order":0,"comment_status":"closed","ping_status":"closed","template":"","meta":{"footnotes":""},"class_list":["post-124","page","type-page","status-publish","has-post-thumbnail","hentry"],"_links":{"self":[{"href":"https:\/\/boxmusic.com.pl\/index.php\/wp-json\/wp\/v2\/pages\/124","targetHints":{"allow":["GET"]}}],"collection":[{"href":"https:\/\/boxmusic.com.pl\/index.php\/wp-json\/wp\/v2\/pages"}],"about":[{"href":"https:\/\/boxmusic.com.pl\/index.php\/wp-json\/wp\/v2\/types\/page"}],"author":[{"embeddable":true,"href":"https:\/\/boxmusic.com.pl\/index.php\/wp-json\/wp\/v2\/users\/3"}],"replies":[{"embeddable":true,"href":"https:\/\/boxmusic.com.pl\/index.php\/wp-json\/wp\/v2\/comments?post=124"}],"version-history":[{"count":4,"href":"https:\/\/boxmusic.com.pl\/index.php\/wp-json\/wp\/v2\/pages\/124\/revisions"}],"predecessor-version":[{"id":524,"href":"https:\/\/boxmusic.com.pl\/index.php\/wp-json\/wp\/v2\/pages\/124\/revisions\/524"}],"up":[{"embeddable":true,"href":"https:\/\/boxmusic.com.pl\/index.php\/wp-json\/wp\/v2\/pages\/55"}],"wp:featuredmedia":[{"embeddable":true,"href":"https:\/\/boxmusic.com.pl\/index.php\/wp-json\/wp\/v2\/media\/58"}],"wp:attachment":[{"href":"https:\/\/boxmusic.com.pl\/index.php\/wp-json\/wp\/v2\/media?parent=124"}],"curies":[{"name":"wp","href":"https:\/\/api.w.org\/{rel}","templated":true}]}}