{"id":134,"date":"2021-03-18T05:30:58","date_gmt":"2021-03-18T04:30:58","guid":{"rendered":"https:\/\/boxmusic.com.pl\/?page_id=134"},"modified":"2021-03-25T04:38:36","modified_gmt":"2021-03-25T03:38:36","slug":"betiber","status":"publish","type":"page","link":"https:\/\/boxmusic.com.pl\/index.php\/artysci\/betiber\/","title":{"rendered":"BetiBer"},"content":{"rendered":"\n<div class=\"wp-block-image\"><figure class=\"aligncenter size-large\"><img loading=\"lazy\" decoding=\"async\" width=\"1024\" height=\"822\" src=\"https:\/\/boxmusic.com.pl\/wp-content\/uploads\/2021\/03\/str3pod-plyte_DSC7713--1024x822.jpg\" alt=\"\" class=\"wp-image-135\" srcset=\"https:\/\/boxmusic.com.pl\/wp-content\/uploads\/2021\/03\/str3pod-plyte_DSC7713--1024x822.jpg 1024w, https:\/\/boxmusic.com.pl\/wp-content\/uploads\/2021\/03\/str3pod-plyte_DSC7713--300x241.jpg 300w, https:\/\/boxmusic.com.pl\/wp-content\/uploads\/2021\/03\/str3pod-plyte_DSC7713--768x617.jpg 768w, https:\/\/boxmusic.com.pl\/wp-content\/uploads\/2021\/03\/str3pod-plyte_DSC7713--1536x1233.jpg 1536w, https:\/\/boxmusic.com.pl\/wp-content\/uploads\/2021\/03\/str3pod-plyte_DSC7713--2048x1644.jpg 2048w, https:\/\/boxmusic.com.pl\/wp-content\/uploads\/2021\/03\/str3pod-plyte_DSC7713--1200x963.jpg 1200w, https:\/\/boxmusic.com.pl\/wp-content\/uploads\/2021\/03\/str3pod-plyte_DSC7713--1980x1590.jpg 1980w, https:\/\/boxmusic.com.pl\/wp-content\/uploads\/2021\/03\/str3pod-plyte_DSC7713--24x19.jpg 24w, https:\/\/boxmusic.com.pl\/wp-content\/uploads\/2021\/03\/str3pod-plyte_DSC7713--36x29.jpg 36w, https:\/\/boxmusic.com.pl\/wp-content\/uploads\/2021\/03\/str3pod-plyte_DSC7713--48x39.jpg 48w\" sizes=\"auto, (max-width: 1024px) 100vw, 1024px\" \/><\/figure><\/div>\n\n\n\n<p>Betiber to \u015bwie\u017cy projekt, kt\u00f3ry na rynku muzycznym pojawi\u0142 si\u0119 w 2015 roku. <\/p>\n\n\n\n<p>W sk\u0142ad zespo\u0142u wchodz\u0105 m\u0142odzi &#8211; aczkolwiek ju\u017c do\u015bwiadczeni arty\u015bci, dla kt\u00f3rych to kolejny punkt w rozwoju muzycznej kariery.<\/p>\n\n\n\n<p>Wokalistk\u0105 Betiber jest pi\u0119kna i utalentowana Beata Powolny. Tekstami, muzyk\u0105 i m\u0119skim wokalem w zespole zajmuje si\u0119 Bernard Kurzawa.<\/p>\n\n\n\n<p>Kr\u0105\u017cek <em>Chod\u017a do mnie<\/em> ukaza\u0142 si\u0119 nak\u0142adem Wydawnictwa Box Music w kwietniu 2018 roku, a p\u0142yta mia\u0142a sw\u0105 premier\u0119 podczas \u015al\u0105skiej Gali Biesiadnej. Na p\u0142ycie znajdziemy przekr\u00f3j gatunk\u00f3w \u2013 pop, szlagiery, disco, ale te\u017c co\u015b na bardzo romantyczn\u0105 nut\u0119. R\u00f3wnie\u017c teksty stanowi\u0105 prawdziwy kalejdoskop temat\u00f3w \u2013 mi\u0142o\u015b\u0107, wakacje, dobra zabawa, ale te\u017c po prostu \u017cycie.<\/p>\n\n\n\n<figure class=\"wp-block-image size-large\"><img loading=\"lazy\" decoding=\"async\" width=\"1024\" height=\"683\" src=\"https:\/\/boxmusic.com.pl\/wp-content\/uploads\/2021\/03\/DSC7783--1024x683.jpg\" alt=\"\" class=\"wp-image-136\" srcset=\"https:\/\/boxmusic.com.pl\/wp-content\/uploads\/2021\/03\/DSC7783--1024x683.jpg 1024w, https:\/\/boxmusic.com.pl\/wp-content\/uploads\/2021\/03\/DSC7783--300x200.jpg 300w, https:\/\/boxmusic.com.pl\/wp-content\/uploads\/2021\/03\/DSC7783--768x512.jpg 768w, https:\/\/boxmusic.com.pl\/wp-content\/uploads\/2021\/03\/DSC7783--1536x1024.jpg 1536w, https:\/\/boxmusic.com.pl\/wp-content\/uploads\/2021\/03\/DSC7783--2048x1365.jpg 2048w, https:\/\/boxmusic.com.pl\/wp-content\/uploads\/2021\/03\/DSC7783--1200x800.jpg 1200w, https:\/\/boxmusic.com.pl\/wp-content\/uploads\/2021\/03\/DSC7783--1980x1320.jpg 1980w, https:\/\/boxmusic.com.pl\/wp-content\/uploads\/2021\/03\/DSC7783--24x16.jpg 24w, https:\/\/boxmusic.com.pl\/wp-content\/uploads\/2021\/03\/DSC7783--36x24.jpg 36w, https:\/\/boxmusic.com.pl\/wp-content\/uploads\/2021\/03\/DSC7783--48x32.jpg 48w\" sizes=\"auto, (max-width: 1024px) 100vw, 1024px\" \/><\/figure>\n","protected":false},"excerpt":{"rendered":"<p>Betiber to \u015bwie\u017cy projekt, kt\u00f3ry na rynku muzycznym pojawi\u0142 si\u0119 w 2015 roku. W sk\u0142ad zespo\u0142u wchodz\u0105 m\u0142odzi &#8211; aczkolwiek &hellip; <a href=\"https:\/\/boxmusic.com.pl\/index.php\/artysci\/betiber\/\" class=\"more-link\"><span class=\"more-button\">Czytaj dalej<span class=\"screen-reader-text\">BetiBer<\/span><\/span><\/a><\/p>\n","protected":false},"author":3,"featured_media":136,"parent":55,"menu_order":0,"comment_status":"closed","ping_status":"closed","template":"","meta":{"footnotes":""},"class_list":["post-134","page","type-page","status-publish","has-post-thumbnail","hentry"],"_links":{"self":[{"href":"https:\/\/boxmusic.com.pl\/index.php\/wp-json\/wp\/v2\/pages\/134","targetHints":{"allow":["GET"]}}],"collection":[{"href":"https:\/\/boxmusic.com.pl\/index.php\/wp-json\/wp\/v2\/pages"}],"about":[{"href":"https:\/\/boxmusic.com.pl\/index.php\/wp-json\/wp\/v2\/types\/page"}],"author":[{"embeddable":true,"href":"https:\/\/boxmusic.com.pl\/index.php\/wp-json\/wp\/v2\/users\/3"}],"replies":[{"embeddable":true,"href":"https:\/\/boxmusic.com.pl\/index.php\/wp-json\/wp\/v2\/comments?post=134"}],"version-history":[{"count":4,"href":"https:\/\/boxmusic.com.pl\/index.php\/wp-json\/wp\/v2\/pages\/134\/revisions"}],"predecessor-version":[{"id":521,"href":"https:\/\/boxmusic.com.pl\/index.php\/wp-json\/wp\/v2\/pages\/134\/revisions\/521"}],"up":[{"embeddable":true,"href":"https:\/\/boxmusic.com.pl\/index.php\/wp-json\/wp\/v2\/pages\/55"}],"wp:featuredmedia":[{"embeddable":true,"href":"https:\/\/boxmusic.com.pl\/index.php\/wp-json\/wp\/v2\/media\/136"}],"wp:attachment":[{"href":"https:\/\/boxmusic.com.pl\/index.php\/wp-json\/wp\/v2\/media?parent=134"}],"curies":[{"name":"wp","href":"https:\/\/api.w.org\/{rel}","templated":true}]}}