{"id":141,"date":"2021-03-18T05:33:52","date_gmt":"2021-03-18T04:33:52","guid":{"rendered":"https:\/\/boxmusic.com.pl\/?page_id=141"},"modified":"2021-03-18T08:01:59","modified_gmt":"2021-03-18T07:01:59","slug":"banita-band","status":"publish","type":"page","link":"https:\/\/boxmusic.com.pl\/index.php\/artysci\/banita-band\/","title":{"rendered":"Banita Band"},"content":{"rendered":"\n<p>Zesp\u00f3\u0142 muzyczny dzia\u0142aj\u0105cy na rynku muzycznym od kilku lat (cho\u0107 pod wspomnian\u0105 nazw\u0105 Grupa funkcjonuje od niedawna), w jego sk\u0142ad wchodzi tr\u00f3jka utalentowanych muzyk\u00f3w \u2013 Roman Smiczek (wokalista i gitarzysta), Anna Kandziora (wokalistka), S\u0142awomir Barszczewski (instrumenty klawiszowe). Cz\u0142onkowie Zespo\u0142u pochodz\u0105 z Bytomia. Od 2018 roku Grupa wsp\u00f3\u0142pracuje z Wydawnictwem Box Music. Cz\u0142onkowie Zespo\u0142u sami pisz\u0105 teksty oraz komponuj\u0105 swoje utwory.<\/p>\n\n\n\n<figure class=\"wp-block-image size-large\"><img loading=\"lazy\" decoding=\"async\" width=\"768\" height=\"1000\" src=\"https:\/\/boxmusic.com.pl\/wp-content\/uploads\/2021\/03\/banita-band-2-2.jpg\" alt=\"\" class=\"wp-image-72\" srcset=\"https:\/\/boxmusic.com.pl\/wp-content\/uploads\/2021\/03\/banita-band-2-2.jpg 768w, https:\/\/boxmusic.com.pl\/wp-content\/uploads\/2021\/03\/banita-band-2-2-230x300.jpg 230w, https:\/\/boxmusic.com.pl\/wp-content\/uploads\/2021\/03\/banita-band-2-2-18x24.jpg 18w, https:\/\/boxmusic.com.pl\/wp-content\/uploads\/2021\/03\/banita-band-2-2-28x36.jpg 28w, https:\/\/boxmusic.com.pl\/wp-content\/uploads\/2021\/03\/banita-band-2-2-37x48.jpg 37w\" sizes=\"auto, (max-width: 768px) 100vw, 768px\" \/><\/figure>\n\n\n\n<p>Banita Band ko\u0144czy prace nad swym debiutanckim kr\u0105\u017ckiem. Piosenki Zespo\u0142u utrzymane s\u0105 w r\u00f3\u017cnych klimatach muzycznych \u2013 od szlagier\u00f3w i utwor\u00f3w biesiadnych, poprzez muzyk\u0119 pop, a\u017c po romantyczne nastrojowe ballady. Grupa zas\u0142yn\u0119\u0142a z piosenek <em>Lato<\/em>, <em>Dla Mamy, Tylko z Tob\u0105.<\/em><\/p>\n","protected":false},"excerpt":{"rendered":"<p>Zesp\u00f3\u0142 muzyczny dzia\u0142aj\u0105cy na rynku muzycznym od kilku lat (cho\u0107 pod wspomnian\u0105 nazw\u0105 Grupa funkcjonuje od niedawna), w jego sk\u0142ad &hellip; <a href=\"https:\/\/boxmusic.com.pl\/index.php\/artysci\/banita-band\/\" class=\"more-link\"><span class=\"more-button\">Czytaj dalej<span class=\"screen-reader-text\">Banita Band<\/span><\/span><\/a><\/p>\n","protected":false},"author":3,"featured_media":72,"parent":55,"menu_order":0,"comment_status":"closed","ping_status":"closed","template":"templates\/template-cover.php","meta":{"footnotes":""},"class_list":["post-141","page","type-page","status-publish","has-post-thumbnail","hentry"],"_links":{"self":[{"href":"https:\/\/boxmusic.com.pl\/index.php\/wp-json\/wp\/v2\/pages\/141","targetHints":{"allow":["GET"]}}],"collection":[{"href":"https:\/\/boxmusic.com.pl\/index.php\/wp-json\/wp\/v2\/pages"}],"about":[{"href":"https:\/\/boxmusic.com.pl\/index.php\/wp-json\/wp\/v2\/types\/page"}],"author":[{"embeddable":true,"href":"https:\/\/boxmusic.com.pl\/index.php\/wp-json\/wp\/v2\/users\/3"}],"replies":[{"embeddable":true,"href":"https:\/\/boxmusic.com.pl\/index.php\/wp-json\/wp\/v2\/comments?post=141"}],"version-history":[{"count":5,"href":"https:\/\/boxmusic.com.pl\/index.php\/wp-json\/wp\/v2\/pages\/141\/revisions"}],"predecessor-version":[{"id":218,"href":"https:\/\/boxmusic.com.pl\/index.php\/wp-json\/wp\/v2\/pages\/141\/revisions\/218"}],"up":[{"embeddable":true,"href":"https:\/\/boxmusic.com.pl\/index.php\/wp-json\/wp\/v2\/pages\/55"}],"wp:featuredmedia":[{"embeddable":true,"href":"https:\/\/boxmusic.com.pl\/index.php\/wp-json\/wp\/v2\/media\/72"}],"wp:attachment":[{"href":"https:\/\/boxmusic.com.pl\/index.php\/wp-json\/wp\/v2\/media?parent=141"}],"curies":[{"name":"wp","href":"https:\/\/api.w.org\/{rel}","templated":true}]}}