{"id":15,"date":"2021-03-17T12:04:40","date_gmt":"2021-03-17T11:04:40","guid":{"rendered":"https:\/\/boxmusic.com.pl\/?page_id=15"},"modified":"2021-03-19T08:45:18","modified_gmt":"2021-03-19T07:45:18","slug":"o-nas","status":"publish","type":"page","link":"https:\/\/boxmusic.com.pl\/index.php\/o-nas\/","title":{"rendered":"O nas"},"content":{"rendered":"\n<p><strong>Firma Box Music, za\u0142o\u017cona zosta\u0142a przez Bogdana Tyca, swoj\u0105 dzia\u0142alno\u015b\u0107 rozpocz\u0119\u0142a w 1996 roku specjalizuj\u0105c si\u0119 w promocji oraz produkcji muzycznej.<\/strong><br><strong>W ci\u0105gu paru lat Box Music zdoby\u0142 trwa\u0142\u0105 pozycj\u0119 na naszym rynku fonograficznym. Jako pierwsza firma w Polsce podpisa\u0142 kontrakt z zagranicznym koncernem EMI, zachowuj\u0105c jednocze\u015bnie pe\u0142n\u0105 niezale\u017cno\u015b\u0107.<\/strong><\/p>\n\n\n\n<p>Firma Box Music mia\u0142a na koncie ponad 300 wydawnictw muzycznych \u2013 zar\u00f3wno znanych i uznanych artyst\u00f3w, jak te\u017c dopiero wchodz\u0105cych na rynek m\u0142odych zespo\u0142\u00f3w i wykonawc\u00f3w. Wspomnie\u0107 mo\u017cemy takie nazwiska, jak Wojciech Waglewski, Martyna Jakubowicz, Mateusz Pospieszalski, Andrzej Rybi\u0144ski, W\u0142odzimierz Kiniorski \u2013 Kinior, Gayga, Wanda &amp; Banda, Sztywny Pal Azji, R\u00f3\u017ce Europy, Gutierez, Locomotivesun, Las Vegas Parano i wielu innych. Wsp\u00f3\u0142pracowali\u015bmy r\u00f3wnie\u017c z zespo\u0142em Sami, w kt\u00f3rym swego czasu debiutowa\u0142 Piotr Kupicha lider znanej grupy Feel (warto wspomnie\u0107, \u017ce w kwietniu 2001 roku zesp\u00f3\u0142 Sami zakwalifikowa\u0142 si\u0119 do Konkursu Premier na Festiwalu Opolskim, gdzie zdoby\u0142 \u201eSuper Jedynk\u0119\u201d za \u201eDebiut Roku\u201d). W ostatnich latach mieli\u015bmy okazj\u0119 wsp\u00f3\u0142pracowa\u0107 z niezwykle utalentowanym uczestnikiem The Voice Of Poland \u2013 Krzysztofem Bobeckim.<\/p>\n\n\n\n<p>W kilku ostatnich latach Wydawnictwo Box Music skupi\u0142o si\u0119 g\u0142\u00f3wnie na wsp\u00f3\u0142pracy z Wykonawcami g\u0142\u00f3wnie z regionu \u015al\u0105ska. Mieli\u015bmy okazj\u0119 wyda\u0107 p\u0142yty m.in. takich rewelacyjnych Artyst\u00f3w, jak: Mirek Szo\u0142tysek, Gang Marcela, Mona Lisa, Ed\u2019Mans, Grzegorz Poloczek, Duet Karo, Damian Holecki, Kola i Jula, Bernadeta Kowalska i Przyjaciele czy Weronika oraz wielu innych. Na przestrzeni lat pr\u0119\u017cnie wsp\u00f3\u0142pracowali\u015bmy te\u017c z takimi Mediami, jak Telewizja TVS, Radio Piekary czy Radio Fest. Wsp\u00f3\u0142praca ta zaowocowa\u0142a seri\u0105 <em>TVS Prezentuje \u2013 Lista \u015al\u0105skich Szlagier\u00f3w<\/em>, licznymi Wydawnictwami dla Radia Piekary czy dla Radia Fest, z kt\u00f3rymi to rozg\u0142o\u015bniami wielokrotnie mieli\u015bmy okazj\u0119 wsp\u00f3\u0142organizowa\u0107 koncerty, a nawet ca\u0142e trasy koncertowe.<\/p>\n\n\n\n<p>Kilka p\u0142yt, kt\u00f3re ukaza\u0142y si\u0119 nak\u0142adem Wydawnictwa Box Music zyska\u0142o status Z\u0142otych P\u0142yt \u2013 to m.in.:<\/p>\n\n\n\n<ul class=\"wp-block-list\"><li>Grzegorz Poloczek \u2013 <em>Z mojego placu<\/em><\/li><li>Damian Holecki \u2013 <em>Z\u0142ote przeboje<\/em><\/li><li>Damian Holecki \u2013 <em>Po prostu dzi\u0119kuj\u0119<\/em><\/li><\/ul>\n\n\n\n<p>Od wielu lat Wydawnictwo Box Music by\u0142o pomys\u0142odawc\u0105 i organizatorem cyklicznej imprezy odbywaj\u0105cej si\u0119 pocz\u0105tkowo w Katowickim Spodku, a od lat w Domu Muzyki i Ta\u0144ca w Zabrzu \u2013 czyli \u015al\u0105skiej Gali Biesiadnej. Imprezy te co roku przyci\u0105gaj\u0105 nawet kilka tysi\u0119cy Widz\u00f3w. Mieli\u015bmy okazj\u0119 by\u0107 te\u017c producentem cyklu koncert\u00f3w w Domu Muzyki i Ta\u0144ca w Zabrzu, rejestrowanych przez Telewizj\u0119 Katowice i wielokrotnie emitowanych w programach TVP. Za ka\u017cdym cieszy\u0142y si\u0119 one wielkim zainteresowaniem, gromadz\u0105c ka\u017cdorazowo po 2 ty\u015b. widz\u00f3w (a norm\u0105 sta\u0142y si\u0119 dodatkowe spektakle). Ogromnym sukcesem by\u0142a te\u017c impreza z okazji 20-lecia Radia Piekary (r\u00f3wnie\u017c w DMiT) \u2013 Gwiazd\u0105 wieczoru by\u0142 sam F.R. David.<\/p>\n\n\n\n<p>Z materia\u0142u zrealizowanego podczas koncert\u00f3w wydali\u015bmy albumy CD oraz DVD, ciesz\u0105cych si\u0119 ogromnym zainteresowaniem.<\/p>\n\n\n\n<p>Byli\u015bmy wsp\u00f3\u0142producentem wykonawczym programu <em>Lista \u015al\u0105skich Szlagier\u00f3w<\/em> oraz <em>\u015al\u0105ski Koncert \u017bycze\u0144 <\/em>(Telewizja TVS). Box Music jest te\u017c producentem ponad 150 teledysk\u00f3w emitowanych na antenie wielu regionalnych i og\u00f3lnopolskich stacji telewizyjnych takich jak m.in. Telewizja Polska, TVN, Polsat oraz liczne telewizje kablowe.<\/p>\n\n\n\n<p>Wracaj\u0105c do naszej historii i nieco dawniejszych osi\u0105gni\u0119\u0107\u2026 W roku 2004 Box Music uruchomi\u0142 pierwszy w Polsce legalny serwis internetowy, sprzedaj\u0105cy utwory w formacie mp3 \u2013 znany mi\u0142o\u015bnikom muzyki jako SOHO. Projekt ten by\u0142 wsp\u00f3\u0142finansowany ze \u015brodk\u00f3w uzyskanych od Unii Europejskiej.<\/p>\n\n\n\n<p>W 1999r. Box Music by\u0142 pomys\u0142odawc\u0105 i organizatorem s\u0142ynnego koncertu \u201eD\u017cem w Operze\u201d, kt\u00f3ry odby\u0142 si\u0119 w Operze \u015al\u0105skiej przy wsp\u00f3\u0142pracy z telewizj\u0105 POLSAT oraz RMF FM \u2013 a materia\u0142 z tego wydarzenia by\u0142 wielokrotnie wyemitowany i ukaza\u0142 si\u0119 na m.in. na dw\u00f3ch albumach CD.<\/p>\n\n\n\n<p>W latach 1999-2001 Box Music przeprowadzi\u0142 najwi\u0119ksze w tym czasie w kraju masowe imprezy sylwestrowe w Spodku, wsp\u00f3\u0142organizowane i transmitowane przez Telewizj\u0119 Katowice. Cieszy\u0142y si\u0119 one du\u017cym powodzeniem \u2013 frekwencja co roku wynosi\u0142a oko\u0142o 6-8 tysi\u0119cy uczestnik\u00f3w.<\/p>\n\n\n\n<p>W 2008r. Box Music wraz z Urz\u0119dem Miasta Katowice i Telewizj\u0105 TVS zorganizowa\u0142 Sylwestra pod Spodkiem, w centrum miasta \u2013 podczas kt\u00f3rego wyst\u0105pi\u0142y takie gwiazdy jak La Bouche, Kindla, The Beatles Revival, Losza Vera, Ottawan, Queen Revival, Damian Holecki, Locomotivesun. Impreza ta zgromadzi\u0142a ponad 12 tys. publiczno\u015bci.<\/p>\n\n\n\n<p>Wydawnictwo Box Music wsp\u00f3\u0142organizowa\u0142o r\u00f3wnie\u017c jedn\u0105 z edycji prowadzonej przez RMF FM cyklicznej, letniej akcji \u2013 <em>Inwazja Mocy<\/em>, w ramach, kt\u00f3rej wyst\u0105pi\u0142y zespo\u0142y D\u017cem oraz De Mono.<\/p>\n\n\n\n<p>Box Music by\u0142 r\u00f3wnie\u017c wydawc\u0105 p\u0142yt okazjonalnie realizowanych m.in. dla firmy Big Star, Opery \u015al\u0105skiej w Bytomiu, Banku Zachodniego WBK, Banku BPH, wydawnictwa Reader\u2019s Digest i innych.<\/p>\n\n\n\n<p>Z okazji 10-lecia firm Liberty oraz Plus GSM, Box Music zorganizowa\u0142 koncert, podczas kt\u00f3rego wyst\u0105pi\u0142y prawdziwe gwiazdy: Krystyna Szostek-Radkowa, Wies\u0142aw Ochman i Symfonia Warsovia. Na widowni zasiadali cz\u0142onkowie rz\u0105du, pos\u0142owie i senatorowie oraz w\u0142adze wojew\u00f3dzkie.<\/p>\n\n\n\n<p>W 2008r. w Chorzowskim Centrum Kultury odby\u0142 si\u0119 realizowany i filmowany przez Box Music koncert znanego, lubianego zespo\u0142u Wanda&amp;Banda a zarejestrowany wtedy materia\u0142 ukaza\u0142 si\u0119 na podw\u00f3jnym albumie CD+DVD <em>Z mi\u0142o\u015bci do strun<\/em>.<br>Nominacj\u0119 do nagrody muzycznej FRYDERYK 2003r. \u2013 w kategorii:\u00a0Album Roku \u2013 MUZYKA WSP\u00d3\u0141CZESNA\u00a0\u2013 zdobyli zg\u0142oszeni przez Box Music:\u00a0Marek Mo\u015b oraz Orkiestra \u201eAukso\u201d, za p\u0142yt\u0119 CD <em>Wsp\u00f3\u0142cze\u015bnie<\/em>, wydan\u0105 przez Box Music.<br><\/p>\n\n\n\n<p>Box Music opr\u00f3cz wydawnictw z obszaru muzyki popowej, rockowej, jazzowej i powa\u017cnej \u2013 wydaje r\u00f3wnie\u017c p\u0142yty z muzyk\u0105 \u015bl\u0105sk\u0105 i biesiadn\u0105. Box Music wsp\u00f3\u0142pracowa\u0142 z wydawnictwami prasowymi takimi jak \u201eSuper Express\u201d czy \u201ePolska The Times-Dziennik Zachodni\u201d, realizuj\u0105c dla nich wielkonak\u0142adowe inserty \u2013 p\u0142yty za\u0142\u0105czane jako dodatki do gazet.Box Music znalaz\u0142 i przez lata utrzymywa\u0142 z powodzeniem swoje miejsce na rynku muzycznym, realizuj\u0105c profesjonalnie swoje d\u0142ugofalowe zamierzenia.<br><\/p>\n","protected":false},"excerpt":{"rendered":"<p>Firma Box Music, za\u0142o\u017cona zosta\u0142a przez Bogdana Tyca, swoj\u0105 dzia\u0142alno\u015b\u0107 rozpocz\u0119\u0142a w 1996 roku specjalizuj\u0105c si\u0119 w promocji oraz produkcji &hellip; <a href=\"https:\/\/boxmusic.com.pl\/index.php\/o-nas\/\" class=\"more-link\"><span class=\"more-button\">Czytaj dalej<span class=\"screen-reader-text\">O nas<\/span><\/span><\/a><\/p>\n","protected":false},"author":2,"featured_media":0,"parent":0,"menu_order":0,"comment_status":"closed","ping_status":"closed","template":"templates\/template-full-width.php","meta":{"footnotes":""},"class_list":["post-15","page","type-page","status-publish","hentry"],"_links":{"self":[{"href":"https:\/\/boxmusic.com.pl\/index.php\/wp-json\/wp\/v2\/pages\/15","targetHints":{"allow":["GET"]}}],"collection":[{"href":"https:\/\/boxmusic.com.pl\/index.php\/wp-json\/wp\/v2\/pages"}],"about":[{"href":"https:\/\/boxmusic.com.pl\/index.php\/wp-json\/wp\/v2\/types\/page"}],"author":[{"embeddable":true,"href":"https:\/\/boxmusic.com.pl\/index.php\/wp-json\/wp\/v2\/users\/2"}],"replies":[{"embeddable":true,"href":"https:\/\/boxmusic.com.pl\/index.php\/wp-json\/wp\/v2\/comments?post=15"}],"version-history":[{"count":4,"href":"https:\/\/boxmusic.com.pl\/index.php\/wp-json\/wp\/v2\/pages\/15\/revisions"}],"predecessor-version":[{"id":420,"href":"https:\/\/boxmusic.com.pl\/index.php\/wp-json\/wp\/v2\/pages\/15\/revisions\/420"}],"wp:attachment":[{"href":"https:\/\/boxmusic.com.pl\/index.php\/wp-json\/wp\/v2\/media?parent=15"}],"curies":[{"name":"wp","href":"https:\/\/api.w.org\/{rel}","templated":true}]}}