{"id":242,"date":"2021-03-18T23:06:32","date_gmt":"2021-03-18T22:06:32","guid":{"rendered":"https:\/\/boxmusic.com.pl\/?page_id=242"},"modified":"2021-03-25T04:35:43","modified_gmt":"2021-03-25T03:35:43","slug":"andy-lucia","status":"publish","type":"page","link":"https:\/\/boxmusic.com.pl\/index.php\/artysci\/andy-lucia\/","title":{"rendered":"Andy &#038; Lucia"},"content":{"rendered":"\n<p>Jeden z najpopularniejszych Zespo\u0142\u00f3w, a zarazem Duet\u00f3w ma\u0142\u017ce\u0144skich na naszej Scenie Muzycznej. Andy i Lucia od wielu lat mieszkaj\u0105 w Niemczech (Wuppertal), niemniej pochodz\u0105 z Zabrza i z ch\u0119ci\u0105 odwiedzaj\u0105 sw\u00f3j ukochany \u015al\u0105sk (co podkre\u015blaj\u0105 te\u017c w wielu swoich piosenkach).<\/p>\n\n\n\n<div class=\"wp-block-image\"><figure class=\"aligncenter size-large is-resized\"><img loading=\"lazy\" decoding=\"async\" src=\"https:\/\/boxmusic.com.pl\/wp-content\/uploads\/2021\/03\/DSC_8397-1024x681.jpg\" alt=\"\" class=\"wp-image-237\" width=\"819\" height=\"545\" srcset=\"https:\/\/boxmusic.com.pl\/wp-content\/uploads\/2021\/03\/DSC_8397-1024x681.jpg 1024w, https:\/\/boxmusic.com.pl\/wp-content\/uploads\/2021\/03\/DSC_8397-300x200.jpg 300w, https:\/\/boxmusic.com.pl\/wp-content\/uploads\/2021\/03\/DSC_8397-768x511.jpg 768w, https:\/\/boxmusic.com.pl\/wp-content\/uploads\/2021\/03\/DSC_8397-1536x1022.jpg 1536w, https:\/\/boxmusic.com.pl\/wp-content\/uploads\/2021\/03\/DSC_8397-2048x1363.jpg 2048w, https:\/\/boxmusic.com.pl\/wp-content\/uploads\/2021\/03\/DSC_8397-1200x798.jpg 1200w, https:\/\/boxmusic.com.pl\/wp-content\/uploads\/2021\/03\/DSC_8397-1980x1318.jpg 1980w, https:\/\/boxmusic.com.pl\/wp-content\/uploads\/2021\/03\/DSC_8397-24x16.jpg 24w, https:\/\/boxmusic.com.pl\/wp-content\/uploads\/2021\/03\/DSC_8397-36x24.jpg 36w, https:\/\/boxmusic.com.pl\/wp-content\/uploads\/2021\/03\/DSC_8397-48x32.jpg 48w\" sizes=\"auto, (max-width: 819px) 100vw, 819px\" \/><\/figure><\/div>\n\n\n\n<p>Zesp\u00f3\u0142 \u015bpiewa ju\u017c od pocz\u0105tku lat 90\u2019, na koncie maj\u0105 kilka p\u0142yt. Od wielu lat wsp\u00f3\u0142pracuj\u0105 z naszym Wydawnictwem. Andy &amp; Lucia \u015bpiewaj\u0105 zar\u00f3wno w j\u0119zyku literackim, jak te\u017c po \u015bl\u0105sku i w j\u0119zyku niemieckim. Duet odnosi sukcesy zar\u00f3wno na scenie polskiej, jak te\u017c niemieckiej, na kt\u00f3rej Zesp\u00f3\u0142 stawia\u0142 pierwsze kroki. Zar\u00f3wno Lucyna, jak te\u017c Andrzej z muzyk\u0105 zwi\u0105zani s\u0105 ju\u017c od dzieci\u0144stwa. Andrzej sam komponuje i pisze teksty cz\u0119\u015bci piosenek, niemniej na \u015bl\u0105skiej Scenie Duet mia\u0142 okazj\u0119 wsp\u00f3\u0142pracowa\u0107 te\u017c z Andrzejem Ska\u017anikiem, Bogdanem Kisielem oraz Edkiem Sikor\u0105. Piosenki Zespo\u0142u utrzymane s\u0105 w stylu typowych szlagier\u00f3w, jak te\u017c muzyki pop oraz brzmie\u0144 dance. Do najwi\u0119kszych przeboj\u00f3w zaliczy\u0107 mo\u017cna: <em>Bo mamy siebie<\/em>, <em>Na zawsze Ty i ja<\/em>, <em>Chca pokoza\u0107 Wom Heimat<\/em>, <em>Nasza mi\u0142o\u015b\u0107 nigdy si\u0119 nie zmieni<\/em>, <em>Walc dla Was dwojga<\/em>, <em>B\u0119d\u0119 z Tob\u0105<\/em>.<\/p>\n\n\n\n<p><img loading=\"lazy\" decoding=\"async\" width=\"650\" height=\"433\" class=\"wp-image-236\" style=\"width: 650px;\" src=\"https:\/\/boxmusic.com.pl\/wp-content\/uploads\/2021\/03\/Andy-Lucia-7-von-7-scaled.jpg\" alt=\"\" srcset=\"https:\/\/boxmusic.com.pl\/wp-content\/uploads\/2021\/03\/Andy-Lucia-7-von-7-scaled.jpg 2560w, https:\/\/boxmusic.com.pl\/wp-content\/uploads\/2021\/03\/Andy-Lucia-7-von-7-300x200.jpg 300w, https:\/\/boxmusic.com.pl\/wp-content\/uploads\/2021\/03\/Andy-Lucia-7-von-7-1024x683.jpg 1024w, https:\/\/boxmusic.com.pl\/wp-content\/uploads\/2021\/03\/Andy-Lucia-7-von-7-768x512.jpg 768w, https:\/\/boxmusic.com.pl\/wp-content\/uploads\/2021\/03\/Andy-Lucia-7-von-7-1536x1024.jpg 1536w, https:\/\/boxmusic.com.pl\/wp-content\/uploads\/2021\/03\/Andy-Lucia-7-von-7-2048x1365.jpg 2048w, https:\/\/boxmusic.com.pl\/wp-content\/uploads\/2021\/03\/Andy-Lucia-7-von-7-1200x800.jpg 1200w, https:\/\/boxmusic.com.pl\/wp-content\/uploads\/2021\/03\/Andy-Lucia-7-von-7-1980x1320.jpg 1980w, https:\/\/boxmusic.com.pl\/wp-content\/uploads\/2021\/03\/Andy-Lucia-7-von-7-24x16.jpg 24w, https:\/\/boxmusic.com.pl\/wp-content\/uploads\/2021\/03\/Andy-Lucia-7-von-7-36x24.jpg 36w, https:\/\/boxmusic.com.pl\/wp-content\/uploads\/2021\/03\/Andy-Lucia-7-von-7-48x32.jpg 48w\" sizes=\"auto, (max-width: 650px) 100vw, 650px\" \/><\/p>\n\n\n\n<p>Najnowszy kr\u0105\u017cek Zespo\u0142u Andy &amp; Lucia <em>The Best of<\/em> ukaza\u0142 si\u0119 nak\u0142adem naszego Wydawnictwa w 2016 roku i stanowi podsumowanie dotychczasowej tw\u00f3rczo\u015bci Duetu. Znajdziemy na nim wi\u0119c najwi\u0119ksze przeboje Duetu (w tym wy\u017cej wymienione, ale te\u017c utwory <em>\u0179le, gdy S\u0142o\u0144ce \u015bpi<\/em>, <em>Tam jest m\u00f3j Heimat<\/em>), ale te\u017c kilka fajnych nowo\u015bci. Jak zawsze jest romantycznie, troch\u0119 nostalgicznie, ale te\u017c tanecznie.<\/p>\n","protected":false},"excerpt":{"rendered":"<p>Jeden z najpopularniejszych Zespo\u0142\u00f3w, a zarazem Duet\u00f3w ma\u0142\u017ce\u0144skich na naszej Scenie Muzycznej. Andy i Lucia od wielu lat mieszkaj\u0105 w &hellip; <a href=\"https:\/\/boxmusic.com.pl\/index.php\/artysci\/andy-lucia\/\" class=\"more-link\"><span class=\"more-button\">Czytaj dalej<span class=\"screen-reader-text\">Andy &#038; Lucia<\/span><\/span><\/a><\/p>\n","protected":false},"author":3,"featured_media":237,"parent":55,"menu_order":0,"comment_status":"closed","ping_status":"closed","template":"","meta":{"footnotes":""},"class_list":["post-242","page","type-page","status-publish","has-post-thumbnail","hentry"],"_links":{"self":[{"href":"https:\/\/boxmusic.com.pl\/index.php\/wp-json\/wp\/v2\/pages\/242","targetHints":{"allow":["GET"]}}],"collection":[{"href":"https:\/\/boxmusic.com.pl\/index.php\/wp-json\/wp\/v2\/pages"}],"about":[{"href":"https:\/\/boxmusic.com.pl\/index.php\/wp-json\/wp\/v2\/types\/page"}],"author":[{"embeddable":true,"href":"https:\/\/boxmusic.com.pl\/index.php\/wp-json\/wp\/v2\/users\/3"}],"replies":[{"embeddable":true,"href":"https:\/\/boxmusic.com.pl\/index.php\/wp-json\/wp\/v2\/comments?post=242"}],"version-history":[{"count":3,"href":"https:\/\/boxmusic.com.pl\/index.php\/wp-json\/wp\/v2\/pages\/242\/revisions"}],"predecessor-version":[{"id":517,"href":"https:\/\/boxmusic.com.pl\/index.php\/wp-json\/wp\/v2\/pages\/242\/revisions\/517"}],"up":[{"embeddable":true,"href":"https:\/\/boxmusic.com.pl\/index.php\/wp-json\/wp\/v2\/pages\/55"}],"wp:featuredmedia":[{"embeddable":true,"href":"https:\/\/boxmusic.com.pl\/index.php\/wp-json\/wp\/v2\/media\/237"}],"wp:attachment":[{"href":"https:\/\/boxmusic.com.pl\/index.php\/wp-json\/wp\/v2\/media?parent=242"}],"curies":[{"name":"wp","href":"https:\/\/api.w.org\/{rel}","templated":true}]}}