{"id":244,"date":"2021-03-18T23:17:32","date_gmt":"2021-03-18T22:17:32","guid":{"rendered":"https:\/\/boxmusic.com.pl\/?page_id=244"},"modified":"2021-03-19T07:10:25","modified_gmt":"2021-03-19T06:10:25","slug":"kuzyn-mix","status":"publish","type":"page","link":"https:\/\/boxmusic.com.pl\/index.php\/artysci\/kuzyn-mix\/","title":{"rendered":"Kuzyn Mix"},"content":{"rendered":"\n<p>Kuzyn Mix to \u015bl\u0105sko-g\u00f3ralski duet, kt\u00f3ry stworzy\u0142o dw\u00f3ch autentycznych kuzyn\u00f3w: Wies\u0142aw W\u0142och oraz zmar\u0142y niedawno Krzysztof Procek.<\/p>\n\n\n\n<p>Ciekawie brzmi\u0105ce po\u0142\u0105czenie ludowych klimat\u00f3w z heimatowymi brzmieniami oraz domieszk\u0105 disco to mieszanka, kt\u00f3ra powinna zach\u0119ci\u0107 do s\u0142uchania tego pe\u0142nego energii zespo\u0142u.<\/p>\n\n\n\n<p>Krzysztof Procek by\u0142 wokalist\u0105, tworzy\u0142 muzyk\u0119, aran\u017cacje i z typowo \u015bl\u0105ska solidno\u015bci\u0105, a Wies\u0142aw odpowiada\u0142 za teksty oraz opraw\u0119 wyst\u0119p\u00f3w \u2013 oczywi\u015bcie z i\u015bcie g\u00f3ralsk\u0105 energi\u0105.<\/p>\n\n\n\n<p>Tytu\u0142 ich debiutanckiej p\u0142yty CD ZABAWA NA WESO\u0141O m\u00f3wi wszystko na ich temat.<\/p>\n\n\n\n<p>Takiej zabawy \u017cyczymy wszystkim mi\u0142o\u015bnikom muzyki lekkiej, \u0142atwej i przyjemnej!<\/p>\n","protected":false},"excerpt":{"rendered":"<p>Kuzyn Mix to \u015bl\u0105sko-g\u00f3ralski duet, kt\u00f3ry stworzy\u0142o dw\u00f3ch autentycznych kuzyn\u00f3w: Wies\u0142aw W\u0142och oraz zmar\u0142y niedawno Krzysztof Procek. Ciekawie brzmi\u0105ce po\u0142\u0105czenie &hellip; <a href=\"https:\/\/boxmusic.com.pl\/index.php\/artysci\/kuzyn-mix\/\" class=\"more-link\"><span class=\"more-button\">Czytaj dalej<span class=\"screen-reader-text\">Kuzyn Mix<\/span><\/span><\/a><\/p>\n","protected":false},"author":3,"featured_media":245,"parent":55,"menu_order":0,"comment_status":"closed","ping_status":"closed","template":"templates\/template-cover.php","meta":{"footnotes":""},"class_list":["post-244","page","type-page","status-publish","has-post-thumbnail","hentry"],"_links":{"self":[{"href":"https:\/\/boxmusic.com.pl\/index.php\/wp-json\/wp\/v2\/pages\/244","targetHints":{"allow":["GET"]}}],"collection":[{"href":"https:\/\/boxmusic.com.pl\/index.php\/wp-json\/wp\/v2\/pages"}],"about":[{"href":"https:\/\/boxmusic.com.pl\/index.php\/wp-json\/wp\/v2\/types\/page"}],"author":[{"embeddable":true,"href":"https:\/\/boxmusic.com.pl\/index.php\/wp-json\/wp\/v2\/users\/3"}],"replies":[{"embeddable":true,"href":"https:\/\/boxmusic.com.pl\/index.php\/wp-json\/wp\/v2\/comments?post=244"}],"version-history":[{"count":2,"href":"https:\/\/boxmusic.com.pl\/index.php\/wp-json\/wp\/v2\/pages\/244\/revisions"}],"predecessor-version":[{"id":406,"href":"https:\/\/boxmusic.com.pl\/index.php\/wp-json\/wp\/v2\/pages\/244\/revisions\/406"}],"up":[{"embeddable":true,"href":"https:\/\/boxmusic.com.pl\/index.php\/wp-json\/wp\/v2\/pages\/55"}],"wp:featuredmedia":[{"embeddable":true,"href":"https:\/\/boxmusic.com.pl\/index.php\/wp-json\/wp\/v2\/media\/245"}],"wp:attachment":[{"href":"https:\/\/boxmusic.com.pl\/index.php\/wp-json\/wp\/v2\/media?parent=244"}],"curies":[{"name":"wp","href":"https:\/\/api.w.org\/{rel}","templated":true}]}}