{"id":26,"date":"2021-03-17T12:30:59","date_gmt":"2021-03-17T11:30:59","guid":{"rendered":"https:\/\/boxmusic.com.pl\/?page_id=26"},"modified":"2022-03-08T02:58:14","modified_gmt":"2022-03-08T01:58:14","slug":"teledyski","status":"publish","type":"page","link":"https:\/\/boxmusic.com.pl\/index.php\/teledyski\/","title":{"rendered":"Teledyski"},"content":{"rendered":"\n<figure class=\"wp-block-embed alignwide is-type-video is-provider-youtube wp-block-embed-youtube wp-embed-aspect-16-9 wp-has-aspect-ratio\"><div class=\"wp-block-embed__wrapper\">\n<iframe loading=\"lazy\" title=\"Damian Holecki - Jeste\u015b moim anio\u0142em\" width=\"990\" height=\"557\" src=\"https:\/\/www.youtube.com\/embed\/tIItj-IUn-Q?feature=oembed\" frameborder=\"0\" allow=\"accelerometer; autoplay; clipboard-write; encrypted-media; gyroscope; picture-in-picture\" allowfullscreen><\/iframe>\n<\/div><figcaption><strong>Damian Holecki &#8211; Jeste\u015b Moim Anio\u0142em<\/strong><\/figcaption><\/figure>\n\n\n\n<figure class=\"wp-block-embed alignwide is-type-video is-provider-youtube wp-block-embed-youtube wp-embed-aspect-16-9 wp-has-aspect-ratio\"><div class=\"wp-block-embed__wrapper\">\n<iframe loading=\"lazy\" title=\"Weronika - Wi\u0119c Jeszcze Raz (official video)\" width=\"990\" height=\"557\" src=\"https:\/\/www.youtube.com\/embed\/WMgX400EooA?feature=oembed\" frameborder=\"0\" allow=\"accelerometer; autoplay; clipboard-write; encrypted-media; gyroscope; picture-in-picture\" allowfullscreen><\/iframe>\n<\/div><figcaption><strong>Weronika &#8211; Wi\u0119c Jeszcze Raz<\/strong><\/figcaption><\/figure>\n\n\n\n<figure class=\"wp-block-embed alignwide is-type-video is-provider-youtube wp-block-embed-youtube wp-embed-aspect-16-9 wp-has-aspect-ratio\"><div class=\"wp-block-embed__wrapper\">\n<iframe loading=\"lazy\" title=\"Tim Fabian - Za rok lub dwa (official video)\" width=\"990\" height=\"557\" src=\"https:\/\/www.youtube.com\/embed\/elaoucI-o1c?feature=oembed\" frameborder=\"0\" allow=\"accelerometer; autoplay; clipboard-write; encrypted-media; gyroscope; picture-in-picture\" allowfullscreen><\/iframe>\n<\/div><figcaption><strong>Tim Fabian &#8211; Za Rok lub Dwa<\/strong><\/figcaption><\/figure>\n\n\n\n<figure class=\"wp-block-embed alignwide is-type-video is-provider-youtube wp-block-embed-youtube wp-embed-aspect-16-9 wp-has-aspect-ratio\"><div class=\"wp-block-embed__wrapper\">\n<iframe loading=\"lazy\" title=\"Frela Blue - Uwodziny Ancika\" width=\"990\" height=\"557\" src=\"https:\/\/www.youtube.com\/embed\/fyDe57T7wlA?list=PL1ThZKo6fVIr-uuOXGwwcpNsOgzz7JAWe\" frameborder=\"0\" allow=\"accelerometer; autoplay; clipboard-write; encrypted-media; gyroscope; picture-in-picture\" allowfullscreen><\/iframe>\n<\/div><\/figure>\n\n\n\n<figure class=\"wp-block-embed alignwide is-type-video is-provider-youtube wp-block-embed-youtube wp-embed-aspect-16-9 wp-has-aspect-ratio\"><div class=\"wp-block-embed__wrapper\">\n<iframe loading=\"lazy\" title=\"Bernadeta Kowalska - Pi\u0119kne kwiaty, dobre s\u0142owa (official video)\" width=\"990\" height=\"557\" src=\"https:\/\/www.youtube.com\/embed\/UQrmQOF642o?list=PL1ThZKo6fVIr-uuOXGwwcpNsOgzz7JAWe\" frameborder=\"0\" allow=\"accelerometer; autoplay; clipboard-write; encrypted-media; gyroscope; picture-in-picture\" allowfullscreen><\/iframe>\n<\/div><\/figure>\n\n\n\n<figure class=\"wp-block-embed alignwide is-type-video is-provider-youtube wp-block-embed-youtube wp-embed-aspect-16-9 wp-has-aspect-ratio\"><div class=\"wp-block-embed__wrapper\">\n<iframe loading=\"lazy\" title=\"Stach - Letnia mi\u0142o\u015b\u0107\" width=\"990\" height=\"557\" src=\"https:\/\/www.youtube.com\/embed\/neAOG3ikm8I?feature=oembed\" frameborder=\"0\" allow=\"accelerometer; autoplay; clipboard-write; encrypted-media; gyroscope; picture-in-picture\" allowfullscreen><\/iframe>\n<\/div><figcaption><strong>Stach &#8211; Letnia Mi\u0142o\u015b\u0107<\/strong><\/figcaption><\/figure>\n\n\n\n<figure class=\"wp-block-embed is-type-video is-provider-youtube wp-block-embed-youtube wp-embed-aspect-16-9 wp-has-aspect-ratio\"><div class=\"wp-block-embed__wrapper\">\n<iframe loading=\"lazy\" title=\"Frela Blue - Wracom nazot (official video)\" width=\"990\" height=\"557\" src=\"https:\/\/www.youtube.com\/embed\/utIaH0TSSY8?feature=oembed\" frameborder=\"0\" allow=\"accelerometer; autoplay; clipboard-write; encrypted-media; gyroscope; picture-in-picture\" allowfullscreen><\/iframe>\n<\/div><\/figure>\n\n\n\n<figure class=\"wp-block-embed is-type-video is-provider-youtube wp-block-embed-youtube wp-embed-aspect-16-9 wp-has-aspect-ratio\"><div class=\"wp-block-embed__wrapper\">\n<iframe loading=\"lazy\" title=\"Tim Fabian -  Pary\u017c, Ja i Ty  (Official Video)\" width=\"990\" height=\"557\" src=\"https:\/\/www.youtube.com\/embed\/F9qhm-c_gxI?list=PL1ThZKo6fVIr-uuOXGwwcpNsOgzz7JAWe\" frameborder=\"0\" allow=\"accelerometer; autoplay; clipboard-write; encrypted-media; gyroscope; picture-in-picture\" allowfullscreen><\/iframe>\n<\/div><\/figure>\n\n\n\n<figure class=\"wp-block-embed is-type-video is-provider-youtube wp-block-embed-youtube wp-embed-aspect-16-9 wp-has-aspect-ratio\"><div class=\"wp-block-embed__wrapper\">\n<iframe loading=\"lazy\" title=\"Damian Holecki - Jak Chopin (official video)\" width=\"990\" height=\"557\" src=\"https:\/\/www.youtube.com\/embed\/WScsfEassJo?list=PL1ThZKo6fVIr-uuOXGwwcpNsOgzz7JAWe\" frameborder=\"0\" allow=\"accelerometer; autoplay; clipboard-write; encrypted-media; gyroscope; picture-in-picture\" allowfullscreen><\/iframe>\n<\/div><\/figure>\n\n\n\n<figure class=\"wp-block-embed is-type-video is-provider-youtube wp-block-embed-youtube wp-embed-aspect-16-9 wp-has-aspect-ratio\"><div class=\"wp-block-embed__wrapper\">\n<iframe loading=\"lazy\" title=\"Duet Karo - 1,2,3,4 Dziubka mi dej\" width=\"990\" height=\"557\" src=\"https:\/\/www.youtube.com\/embed\/ZluKD02--mk?list=PL1ThZKo6fVIr-uuOXGwwcpNsOgzz7JAWe\" frameborder=\"0\" allow=\"accelerometer; autoplay; clipboard-write; encrypted-media; gyroscope; picture-in-picture\" allowfullscreen><\/iframe>\n<\/div><\/figure>\n\n\n\n<figure class=\"wp-block-embed is-type-video is-provider-youtube wp-block-embed-youtube wp-embed-aspect-16-9 wp-has-aspect-ratio\"><div class=\"wp-block-embed__wrapper\">\n<iframe loading=\"lazy\" title=\"Gabi Gold - Dzi\u0119ki Tobie Teraz Wiem\" width=\"990\" height=\"557\" src=\"https:\/\/www.youtube.com\/embed\/-G88aHnAmcE?list=PL1ThZKo6fVIr-uuOXGwwcpNsOgzz7JAWe\" frameborder=\"0\" allow=\"accelerometer; autoplay; clipboard-write; encrypted-media; gyroscope; picture-in-picture\" allowfullscreen><\/iframe>\n<\/div><\/figure>\n\n\n\n<figure class=\"wp-block-embed is-type-video is-provider-youtube wp-block-embed-youtube wp-embed-aspect-16-9 wp-has-aspect-ratio\"><div class=\"wp-block-embed__wrapper\">\n<iframe loading=\"lazy\" title=\"Duet Karo - Ju\u017c na zawsze z Tob\u0105\" width=\"990\" height=\"557\" src=\"https:\/\/www.youtube.com\/embed\/ATkTeR6_wig?list=PL1ThZKo6fVIr-uuOXGwwcpNsOgzz7JAWe\" frameborder=\"0\" allow=\"accelerometer; autoplay; clipboard-write; encrypted-media; gyroscope; picture-in-picture\" allowfullscreen><\/iframe>\n<\/div><\/figure>\n\n\n\n<figure class=\"wp-block-embed is-type-video is-provider-youtube wp-block-embed-youtube wp-embed-aspect-16-9 wp-has-aspect-ratio\"><div class=\"wp-block-embed__wrapper\">\n<iframe loading=\"lazy\" title=\"Andy &amp; Lucia - Nie licz godzin i dni\" width=\"990\" height=\"557\" src=\"https:\/\/www.youtube.com\/embed\/j2DTvw7B6Ys?list=PL1ThZKo6fVIr-uuOXGwwcpNsOgzz7JAWe\" frameborder=\"0\" allow=\"accelerometer; autoplay; clipboard-write; encrypted-media; gyroscope; picture-in-picture\" allowfullscreen><\/iframe>\n<\/div><\/figure>\n\n\n\n<figure class=\"wp-block-embed is-type-video is-provider-youtube wp-block-embed-youtube wp-embed-aspect-16-9 wp-has-aspect-ratio\"><div class=\"wp-block-embed__wrapper\">\n<iframe loading=\"lazy\" title=\"Kola &amp; Jula - \u017bycie to dar\" width=\"990\" height=\"557\" src=\"https:\/\/www.youtube.com\/embed\/4MVh-x5DNKU?list=PL1ThZKo6fVIr-uuOXGwwcpNsOgzz7JAWe\" frameborder=\"0\" allow=\"accelerometer; autoplay; clipboard-write; encrypted-media; gyroscope; picture-in-picture\" allowfullscreen><\/iframe>\n<\/div><\/figure>\n\n\n\n<figure class=\"wp-block-embed is-type-video is-provider-youtube wp-block-embed-youtube wp-embed-aspect-16-9 wp-has-aspect-ratio\"><div class=\"wp-block-embed__wrapper\">\n<iframe loading=\"lazy\" title=\"Duo Fenix DwaFyniki - \u017byczymy szcz\u0119\u015bcia\" width=\"990\" height=\"557\" src=\"https:\/\/www.youtube.com\/embed\/64e058ZOwTM?list=PL1ThZKo6fVIr-uuOXGwwcpNsOgzz7JAWe\" frameborder=\"0\" allow=\"accelerometer; autoplay; clipboard-write; encrypted-media; gyroscope; picture-in-picture\" allowfullscreen><\/iframe>\n<\/div><\/figure>\n","protected":false},"excerpt":{"rendered":"","protected":false},"author":2,"featured_media":0,"parent":0,"menu_order":0,"comment_status":"closed","ping_status":"closed","template":"","meta":{"footnotes":""},"class_list":["post-26","page","type-page","status-publish","hentry"],"_links":{"self":[{"href":"https:\/\/boxmusic.com.pl\/index.php\/wp-json\/wp\/v2\/pages\/26","targetHints":{"allow":["GET"]}}],"collection":[{"href":"https:\/\/boxmusic.com.pl\/index.php\/wp-json\/wp\/v2\/pages"}],"about":[{"href":"https:\/\/boxmusic.com.pl\/index.php\/wp-json\/wp\/v2\/types\/page"}],"author":[{"embeddable":true,"href":"https:\/\/boxmusic.com.pl\/index.php\/wp-json\/wp\/v2\/users\/2"}],"replies":[{"embeddable":true,"href":"https:\/\/boxmusic.com.pl\/index.php\/wp-json\/wp\/v2\/comments?post=26"}],"version-history":[{"count":11,"href":"https:\/\/boxmusic.com.pl\/index.php\/wp-json\/wp\/v2\/pages\/26\/revisions"}],"predecessor-version":[{"id":1771,"href":"https:\/\/boxmusic.com.pl\/index.php\/wp-json\/wp\/v2\/pages\/26\/revisions\/1771"}],"wp:attachment":[{"href":"https:\/\/boxmusic.com.pl\/index.php\/wp-json\/wp\/v2\/media?parent=26"}],"curies":[{"name":"wp","href":"https:\/\/api.w.org\/{rel}","templated":true}]}}