{"id":457,"date":"2021-03-19T12:54:05","date_gmt":"2021-03-19T11:54:05","guid":{"rendered":"https:\/\/boxmusic.com.pl\/?page_id=457"},"modified":"2024-08-28T08:52:57","modified_gmt":"2024-08-28T06:52:57","slug":"wspolpraca","status":"publish","type":"page","link":"https:\/\/boxmusic.com.pl\/index.php\/wspolpraca\/","title":{"rendered":"Wsp\u00f3\u0142praca"},"content":{"rendered":"\n<p>INFORMACJA DLA WSP\u00d3\u0141PRACUJ\u0104CYCH Z NAMI ARTYST\u00d3W<\/p>\n\n\n\n<p class=\"has-drop-cap\">W zwi\u0105zku z zako\u0144czon\u0105 dzia\u0142alno\u015bci firmy BOX MUSIC Bogdan Tyc, pragniemy poinformowa\u0107, \u017ce wszystkie umowy o formalne ustalenia w zakresie obejmuj\u0105cym dzia\u0142alno\u015b\u0107 koncertow\u0105 i wszelkie inne powi\u0105zane z tym dzia\u0142ania zawarte z firm\u0105 BOX MUSIC Bogdan Tyc zosta\u0142y przekazane przez w\u0142a\u015bciciela BOX MUSIC Bogdan Tyc firmie Wydawnictwo Fonograficzne \u201eTercet\u201d z siedzib\u0105 w Krakowie.<\/p>\n\n\n\n<hr class=\"wp-block-separator has-css-opacity alignwide is-style-wide\"\/>\n\n\n\n<p class=\"has-drop-cap\">Prawa do um\u00f3w wydawniczych zawartych z wykonawcami w okresie funkcjonowania firmy BOX MUSIC Bogdan Tyc oraz prawa do fonogram\u00f3w i videogram\u00f3w zrealizowanych w okresie funkcjonowania firmy BOX MUSIC Bogdan Tyc zosta\u0142y przekazane drog\u0105 zakupu firmie TOTU Aleksandra Lesi\u0144ska.<\/p>\n\n\n\n<hr class=\"wp-block-separator has-css-opacity is-style-wide\"\/>\n\n\n\n<p class=\"has-drop-cap\">W razie jakichkolwiek pyta\u0144, w\u0105tpliwo\u015bci dotycz\u0105cych um\u00f3w koncertowych i pochodnych prosz\u0119 kontaktowa\u0107 si\u0119 mailowo: kontakt@boxmusic.com.pl, a w sprawach um\u00f3w wydawniczych, fonogram\u00f3w i videogram\u00f3w z firm\u0105 TOTU Aleksandra Lesi\u0144ska na adres mailowy: aleksandralesinska85@gmail.com<\/p>\n\n\n\n<p><\/p>\n","protected":false},"excerpt":{"rendered":"<p>INFORMACJA DLA WSP\u00d3\u0141PRACUJ\u0104CYCH Z NAMI ARTYST\u00d3W W zwi\u0105zku z zako\u0144czon\u0105 dzia\u0142alno\u015bci firmy BOX MUSIC Bogdan Tyc, pragniemy poinformowa\u0107, \u017ce wszystkie &hellip; <a href=\"https:\/\/boxmusic.com.pl\/index.php\/wspolpraca\/\" class=\"more-link\"><span class=\"more-button\">Czytaj dalej<span class=\"screen-reader-text\">Wsp\u00f3\u0142praca<\/span><\/span><\/a><\/p>\n","protected":false},"author":2,"featured_media":0,"parent":0,"menu_order":0,"comment_status":"closed","ping_status":"closed","template":"","meta":{"footnotes":""},"class_list":["post-457","page","type-page","status-publish","hentry"],"_links":{"self":[{"href":"https:\/\/boxmusic.com.pl\/index.php\/wp-json\/wp\/v2\/pages\/457","targetHints":{"allow":["GET"]}}],"collection":[{"href":"https:\/\/boxmusic.com.pl\/index.php\/wp-json\/wp\/v2\/pages"}],"about":[{"href":"https:\/\/boxmusic.com.pl\/index.php\/wp-json\/wp\/v2\/types\/page"}],"author":[{"embeddable":true,"href":"https:\/\/boxmusic.com.pl\/index.php\/wp-json\/wp\/v2\/users\/2"}],"replies":[{"embeddable":true,"href":"https:\/\/boxmusic.com.pl\/index.php\/wp-json\/wp\/v2\/comments?post=457"}],"version-history":[{"count":3,"href":"https:\/\/boxmusic.com.pl\/index.php\/wp-json\/wp\/v2\/pages\/457\/revisions"}],"predecessor-version":[{"id":3063,"href":"https:\/\/boxmusic.com.pl\/index.php\/wp-json\/wp\/v2\/pages\/457\/revisions\/3063"}],"wp:attachment":[{"href":"https:\/\/boxmusic.com.pl\/index.php\/wp-json\/wp\/v2\/media?parent=457"}],"curies":[{"name":"wp","href":"https:\/\/api.w.org\/{rel}","templated":true}]}}