{"id":50,"date":"2021-03-18T02:33:31","date_gmt":"2021-03-18T01:33:31","guid":{"rendered":"https:\/\/boxmusic.com.pl\/?page_id=50"},"modified":"2021-03-19T10:54:16","modified_gmt":"2021-03-19T09:54:16","slug":"aktualnosci","status":"publish","type":"page","link":"https:\/\/boxmusic.com.pl\/index.php\/aktualnosci\/","title":{"rendered":"Aktualno\u015bci"},"content":{"rendered":"\n<div class=\"wp-block-columns is-layout-flex wp-container-core-columns-is-layout-9d6595d7 wp-block-columns-is-layout-flex\">\n<div class=\"wp-block-column is-layout-flow wp-block-column-is-layout-flow\" style=\"flex-basis:100%\">\n<div class=\"wp-block-columns is-layout-flex wp-container-core-columns-is-layout-9d6595d7 wp-block-columns-is-layout-flex\">\n<div class=\"wp-block-column is-layout-flow wp-block-column-is-layout-flow\" style=\"flex-basis:100%\">\n<div class=\"wp-block-columns is-layout-flex wp-container-core-columns-is-layout-9d6595d7 wp-block-columns-is-layout-flex\">\n<div class=\"wp-block-column is-layout-flow wp-block-column-is-layout-flow\" style=\"flex-basis:100%\"><ul class=\"wp-block-latest-posts__list has-dates aligncenter wp-block-latest-posts\"><li><div class=\"wp-block-latest-posts__featured-image alignright\"><a href=\"https:\/\/boxmusic.com.pl\/index.php\/2026\/04\/04\/radosnych-swiat-wielkanocnych\/\" aria-label=\"Radosnych \u015awi\u0105t Wielkanocnych!\"><img loading=\"lazy\" decoding=\"async\" width=\"300\" height=\"223\" src=\"https:\/\/boxmusic.com.pl\/wp-content\/uploads\/2026\/04\/wielkanoc-2026-3-300x223.jpg\" class=\"attachment-medium size-medium wp-post-image\" alt=\"\" style=\"\" srcset=\"https:\/\/boxmusic.com.pl\/wp-content\/uploads\/2026\/04\/wielkanoc-2026-3-300x223.jpg 300w, https:\/\/boxmusic.com.pl\/wp-content\/uploads\/2026\/04\/wielkanoc-2026-3-1024x760.jpg 1024w, https:\/\/boxmusic.com.pl\/wp-content\/uploads\/2026\/04\/wielkanoc-2026-3-768x570.jpg 768w, https:\/\/boxmusic.com.pl\/wp-content\/uploads\/2026\/04\/wielkanoc-2026-3-1536x1139.jpg 1536w, https:\/\/boxmusic.com.pl\/wp-content\/uploads\/2026\/04\/wielkanoc-2026-3-2048x1519.jpg 2048w, https:\/\/boxmusic.com.pl\/wp-content\/uploads\/2026\/04\/wielkanoc-2026-3-890x660.jpg 890w, https:\/\/boxmusic.com.pl\/wp-content\/uploads\/2026\/04\/wielkanoc-2026-3-24x18.jpg 24w, https:\/\/boxmusic.com.pl\/wp-content\/uploads\/2026\/04\/wielkanoc-2026-3-36x27.jpg 36w, https:\/\/boxmusic.com.pl\/wp-content\/uploads\/2026\/04\/wielkanoc-2026-3-48x36.jpg 48w\" sizes=\"auto, (max-width: 300px) 100vw, 300px\" \/><\/a><\/div><a class=\"wp-block-latest-posts__post-title\" href=\"https:\/\/boxmusic.com.pl\/index.php\/2026\/04\/04\/radosnych-swiat-wielkanocnych\/\">Radosnych \u015awi\u0105t Wielkanocnych!<\/a><time datetime=\"2026-04-04T04:57:25+02:00\" class=\"wp-block-latest-posts__post-date\">4 kwietnia 2026<\/time><div class=\"wp-block-latest-posts__post-excerpt\">Radosnych, zdrowych B\u0142ogos\u0142awionych \u015awi\u0105t Wielkanocnych,dobrego odpoczynku, smacznego jajka,szalonego i (umiarkowanie) mokrego \u015amigusa Dyngusaoraz samych s\u0142onecznych, spokojnych i cudownych dni sp\u0119dzonych w kr\u0119gu Najbli\u017cszych.<\/div><\/li>\n<li><div class=\"wp-block-latest-posts__featured-image alignright\"><a href=\"https:\/\/boxmusic.com.pl\/index.php\/2026\/04\/01\/smiejemy-sie-do-wspomnien\/\" aria-label=\"\u015amiejemy si\u0119 do wspomnie\u0144\"><img loading=\"lazy\" decoding=\"async\" width=\"300\" height=\"200\" src=\"https:\/\/boxmusic.com.pl\/wp-content\/uploads\/2025\/11\/DSC01705-300x200.jpg\" class=\"attachment-medium size-medium wp-post-image\" alt=\"\" style=\"\" srcset=\"https:\/\/boxmusic.com.pl\/wp-content\/uploads\/2025\/11\/DSC01705-300x200.jpg 300w, https:\/\/boxmusic.com.pl\/wp-content\/uploads\/2025\/11\/DSC01705-1024x682.jpg 1024w, https:\/\/boxmusic.com.pl\/wp-content\/uploads\/2025\/11\/DSC01705-768x511.jpg 768w, https:\/\/boxmusic.com.pl\/wp-content\/uploads\/2025\/11\/DSC01705-1536x1022.jpg 1536w, https:\/\/boxmusic.com.pl\/wp-content\/uploads\/2025\/11\/DSC01705-2048x1363.jpg 2048w, https:\/\/boxmusic.com.pl\/wp-content\/uploads\/2025\/11\/DSC01705-990x660.jpg 990w, https:\/\/boxmusic.com.pl\/wp-content\/uploads\/2025\/11\/DSC01705-24x16.jpg 24w, https:\/\/boxmusic.com.pl\/wp-content\/uploads\/2025\/11\/DSC01705-36x24.jpg 36w, https:\/\/boxmusic.com.pl\/wp-content\/uploads\/2025\/11\/DSC01705-48x32.jpg 48w\" sizes=\"auto, (max-width: 300px) 100vw, 300px\" \/><\/a><\/div><a class=\"wp-block-latest-posts__post-title\" href=\"https:\/\/boxmusic.com.pl\/index.php\/2026\/04\/01\/smiejemy-sie-do-wspomnien\/\">\u015amiejemy si\u0119 do wspomnie\u0144<\/a><time datetime=\"2026-04-01T05:19:59+02:00\" class=\"wp-block-latest-posts__post-date\">1 kwietnia 2026<\/time><div class=\"wp-block-latest-posts__post-excerpt\">P\u00f3\u017ana jesie\u0144, pocz\u0105tek zimy to taki ponury, depresyjny czas, kiedy nic nam si\u0119 nie chce\u2026 Na przek\u00f3r aurze, my powspominamy co\u015b, co wywo\u0142ywa\u0142o i wywo\u0142uje u\u015bmiech na naszych twarzach\u2026 Mowa o go\u015bcinnych wyst\u0119pach kabaret\u00f3w na \u015al\u0105skiej Gali Biesiadnej. Czym by\u0142aby dobra impreza bez kabaretu? No w\u0142a\u015bnie\u2026 Na przestrzeni lat na \u015al\u0105skich Gala Biesiadnych nie mog\u0142o &hellip; <a href=\"https:\/\/boxmusic.com.pl\/index.php\/2026\/04\/01\/smiejemy-sie-do-wspomnien\/\" class=\"more-link\"><span class=\"more-button\">Czytaj dalej<span class=\"screen-reader-text\">\u015amiejemy si\u0119 do wspomnie\u0144<\/span><\/span><\/a><\/div><\/li>\n<li><div class=\"wp-block-latest-posts__featured-image alignright\"><a href=\"https:\/\/boxmusic.com.pl\/index.php\/2026\/03\/31\/z-jajem-na-1-kwietnia-edmans\/\" aria-label=\"Z jajem na 1 kwietnia: Ed&#8217;Mans\"><img loading=\"lazy\" decoding=\"async\" width=\"300\" height=\"149\" src=\"https:\/\/boxmusic.com.pl\/wp-content\/uploads\/2025\/03\/edmans-jada-na-ryby-300x149.jpg\" class=\"attachment-medium size-medium wp-post-image\" alt=\"\" style=\"\" srcset=\"https:\/\/boxmusic.com.pl\/wp-content\/uploads\/2025\/03\/edmans-jada-na-ryby-300x149.jpg 300w, https:\/\/boxmusic.com.pl\/wp-content\/uploads\/2025\/03\/edmans-jada-na-ryby-1024x507.jpg 1024w, https:\/\/boxmusic.com.pl\/wp-content\/uploads\/2025\/03\/edmans-jada-na-ryby-768x381.jpg 768w, https:\/\/boxmusic.com.pl\/wp-content\/uploads\/2025\/03\/edmans-jada-na-ryby-1536x761.jpg 1536w, https:\/\/boxmusic.com.pl\/wp-content\/uploads\/2025\/03\/edmans-jada-na-ryby-990x491.jpg 990w, https:\/\/boxmusic.com.pl\/wp-content\/uploads\/2025\/03\/edmans-jada-na-ryby-24x12.jpg 24w, https:\/\/boxmusic.com.pl\/wp-content\/uploads\/2025\/03\/edmans-jada-na-ryby-36x18.jpg 36w, https:\/\/boxmusic.com.pl\/wp-content\/uploads\/2025\/03\/edmans-jada-na-ryby-48x24.jpg 48w, https:\/\/boxmusic.com.pl\/wp-content\/uploads\/2025\/03\/edmans-jada-na-ryby.jpg 1891w\" sizes=\"auto, (max-width: 300px) 100vw, 300px\" \/><\/a><\/div><a class=\"wp-block-latest-posts__post-title\" href=\"https:\/\/boxmusic.com.pl\/index.php\/2026\/03\/31\/z-jajem-na-1-kwietnia-edmans\/\">Z jajem na 1 kwietnia: Ed&#8217;Mans<\/a><time datetime=\"2026-03-31T22:57:00+02:00\" class=\"wp-block-latest-posts__post-date\">31 marca 2026<\/time><div class=\"wp-block-latest-posts__post-excerpt\">Wielkanoc ju\u017c za kilka dni, wi\u0119kszo\u015b\u0107 z nas zaj\u0119ta jest przygotowaniami do \u015awi\u0105t, niemniej 1 kwietnia to szczeg\u00f3lny dzie\u0144, kt\u00f3ry chyba wielu z nas jest bardzo potrzebny \u2013 w ko\u0144cu to okazja, by cho\u0107 na chwil\u0119 zapomnie\u0107 o naszych codziennych problemach\u2026 Wbrew tradycji, my z okazji prima aprilis nie planujemy nikogo wkr\u0119ca\u0107, ale postaramy si\u0119 &hellip; <a href=\"https:\/\/boxmusic.com.pl\/index.php\/2026\/03\/31\/z-jajem-na-1-kwietnia-edmans\/\" class=\"more-link\"><span class=\"more-button\">Czytaj dalej<span class=\"screen-reader-text\">Z jajem na 1 kwietnia: Ed&#8217;Mans<\/span><\/span><\/a><\/div><\/li>\n<li><div class=\"wp-block-latest-posts__featured-image alignright\"><a href=\"https:\/\/boxmusic.com.pl\/index.php\/2026\/03\/25\/jak-tam-listy-przebojow-12\/\" aria-label=\"Jak tam listy przeboj\u00f3w?\"><img loading=\"lazy\" decoding=\"async\" width=\"300\" height=\"200\" src=\"https:\/\/boxmusic.com.pl\/wp-content\/uploads\/2023\/11\/PP-121-300x200.jpg\" class=\"attachment-medium size-medium wp-post-image\" alt=\"Oxforduo\" style=\"\" srcset=\"https:\/\/boxmusic.com.pl\/wp-content\/uploads\/2023\/11\/PP-121-300x200.jpg 300w, https:\/\/boxmusic.com.pl\/wp-content\/uploads\/2023\/11\/PP-121-1024x683.jpg 1024w, https:\/\/boxmusic.com.pl\/wp-content\/uploads\/2023\/11\/PP-121-768x513.jpg 768w, https:\/\/boxmusic.com.pl\/wp-content\/uploads\/2023\/11\/PP-121-1536x1025.jpg 1536w, https:\/\/boxmusic.com.pl\/wp-content\/uploads\/2023\/11\/PP-121-2048x1367.jpg 2048w, https:\/\/boxmusic.com.pl\/wp-content\/uploads\/2023\/11\/PP-121-990x660.jpg 990w, https:\/\/boxmusic.com.pl\/wp-content\/uploads\/2023\/11\/PP-121-24x16.jpg 24w, https:\/\/boxmusic.com.pl\/wp-content\/uploads\/2023\/11\/PP-121-36x24.jpg 36w, https:\/\/boxmusic.com.pl\/wp-content\/uploads\/2023\/11\/PP-121-48x32.jpg 48w\" sizes=\"auto, (max-width: 300px) 100vw, 300px\" \/><\/a><\/div><a class=\"wp-block-latest-posts__post-title\" href=\"https:\/\/boxmusic.com.pl\/index.php\/2026\/03\/25\/jak-tam-listy-przebojow-12\/\">Jak tam listy przeboj\u00f3w?<\/a><time datetime=\"2026-03-25T05:03:58+01:00\" class=\"wp-block-latest-posts__post-date\">25 marca 2026<\/time><div class=\"wp-block-latest-posts__post-excerpt\">Jak co tydzie\u0144 zgodnie z nasz\u0105 tradycj\u0105 robimy ma\u0142y przegl\u0105d radiowych list przeboj\u00f3w, by sprawdzi\u0107, jak radz\u0105 sobie na nich piosenki naszych zaprzyja\u017anionych Artyst\u00f3w. Po raz kolejny mamy powody do rado\u015bci. W Li\u015bcie \u015al\u0105skich Szlagier\u00f3w Radia SUD w top 10 Duet Karo z piosenk\u0105 Jedna \u0142za na miejscu 3. Chris Oxforduo z piosenk\u0105 Tylko na &hellip; <a href=\"https:\/\/boxmusic.com.pl\/index.php\/2026\/03\/25\/jak-tam-listy-przebojow-12\/\" class=\"more-link\"><span class=\"more-button\">Czytaj dalej<span class=\"screen-reader-text\">Jak tam listy przeboj\u00f3w?<\/span><\/span><\/a><\/div><\/li>\n<li><div class=\"wp-block-latest-posts__featured-image alignright\"><a href=\"https:\/\/boxmusic.com.pl\/index.php\/2026\/03\/24\/piekne-i-zdolne-artystki-kola-i-jula\/\" aria-label=\"Pi\u0119kne i zdolne Artystki: Kola i Jula\"><img loading=\"lazy\" decoding=\"async\" width=\"300\" height=\"200\" src=\"https:\/\/boxmusic.com.pl\/wp-content\/uploads\/2022\/10\/STU_7859-1024x768-1-300x200.jpg\" class=\"attachment-medium size-medium wp-post-image\" alt=\"Kola i Jula\" style=\"\" srcset=\"https:\/\/boxmusic.com.pl\/wp-content\/uploads\/2022\/10\/STU_7859-1024x768-1-300x200.jpg 300w, https:\/\/boxmusic.com.pl\/wp-content\/uploads\/2022\/10\/STU_7859-1024x768-1-768x511.jpg 768w, https:\/\/boxmusic.com.pl\/wp-content\/uploads\/2022\/10\/STU_7859-1024x768-1-990x658.jpg 990w, https:\/\/boxmusic.com.pl\/wp-content\/uploads\/2022\/10\/STU_7859-1024x768-1-24x16.jpg 24w, https:\/\/boxmusic.com.pl\/wp-content\/uploads\/2022\/10\/STU_7859-1024x768-1-36x24.jpg 36w, https:\/\/boxmusic.com.pl\/wp-content\/uploads\/2022\/10\/STU_7859-1024x768-1-48x32.jpg 48w, https:\/\/boxmusic.com.pl\/wp-content\/uploads\/2022\/10\/STU_7859-1024x768-1.jpg 1024w\" sizes=\"auto, (max-width: 300px) 100vw, 300px\" \/><\/a><\/div><a class=\"wp-block-latest-posts__post-title\" href=\"https:\/\/boxmusic.com.pl\/index.php\/2026\/03\/24\/piekne-i-zdolne-artystki-kola-i-jula\/\">Pi\u0119kne i zdolne Artystki: Kola i Jula<\/a><time datetime=\"2026-03-24T07:01:50+01:00\" class=\"wp-block-latest-posts__post-date\">24 marca 2026<\/time><div class=\"wp-block-latest-posts__post-excerpt\">Pozostajemy w klimatach niedawnego Dnia Kobiet. Jak niedawno wspomnieli\u015bmy, mieli\u015bmy okazj\u0119 na przestrzeni lat wsp\u00f3\u0142pracowa\u0107 z wieloma pi\u0119knymi i utalentowanymi Artystkami naszej sceny. Tym razem kilka s\u0142\u00f3w o\u2026 a\u017c 2 pi\u0119knych i utalentowanych Paniach. Kola i Jula to jeden z najpopularniejszych Duet\u00f3w naszej Sceny \u2013 i z pewno\u015bci\u0105 najbardziej wyrazistych. Panie kojarzymy nie tylko z &hellip; <a href=\"https:\/\/boxmusic.com.pl\/index.php\/2026\/03\/24\/piekne-i-zdolne-artystki-kola-i-jula\/\" class=\"more-link\"><span class=\"more-button\">Czytaj dalej<span class=\"screen-reader-text\">Pi\u0119kne i zdolne Artystki: Kola i Jula<\/span><\/span><\/a><\/div><\/li>\n<\/ul>\n\n\n<div class=\"wp-block-columns is-layout-flex wp-container-core-columns-is-layout-9d6595d7 wp-block-columns-is-layout-flex\">\n<div class=\"wp-block-column is-layout-flow wp-block-column-is-layout-flow\" style=\"flex-basis:100%\">\n<div class=\"wp-block-group alignfull\"><div class=\"wp-block-group__inner-container is-layout-flow wp-block-group-is-layout-flow\"><ul class=\"wp-block-archives-list aligncenter wp-block-archives\">\t<li><a href='https:\/\/boxmusic.com.pl\/index.php\/2026\/04\/'>kwiecie\u0144 2026<\/a>&nbsp;(2)<\/li>\n\t<li><a href='https:\/\/boxmusic.com.pl\/index.php\/2026\/03\/'>marzec 2026<\/a>&nbsp;(11)<\/li>\n\t<li><a href='https:\/\/boxmusic.com.pl\/index.php\/2026\/02\/'>luty 2026<\/a>&nbsp;(15)<\/li>\n\t<li><a href='https:\/\/boxmusic.com.pl\/index.php\/2026\/01\/'>stycze\u0144 2026<\/a>&nbsp;(14)<\/li>\n\t<li><a href='https:\/\/boxmusic.com.pl\/index.php\/2025\/12\/'>grudzie\u0144 2025<\/a>&nbsp;(16)<\/li>\n\t<li><a href='https:\/\/boxmusic.com.pl\/index.php\/2025\/11\/'>listopad 2025<\/a>&nbsp;(13)<\/li>\n\t<li><a href='https:\/\/boxmusic.com.pl\/index.php\/2025\/10\/'>pa\u017adziernik 2025<\/a>&nbsp;(13)<\/li>\n\t<li><a href='https:\/\/boxmusic.com.pl\/index.php\/2025\/09\/'>wrzesie\u0144 2025<\/a>&nbsp;(13)<\/li>\n\t<li><a href='https:\/\/boxmusic.com.pl\/index.php\/2025\/08\/'>sierpie\u0144 2025<\/a>&nbsp;(13)<\/li>\n\t<li><a href='https:\/\/boxmusic.com.pl\/index.php\/2025\/07\/'>lipiec 2025<\/a>&nbsp;(13)<\/li>\n\t<li><a href='https:\/\/boxmusic.com.pl\/index.php\/2025\/06\/'>czerwiec 2025<\/a>&nbsp;(15)<\/li>\n\t<li><a href='https:\/\/boxmusic.com.pl\/index.php\/2025\/05\/'>maj 2025<\/a>&nbsp;(14)<\/li>\n\t<li><a href='https:\/\/boxmusic.com.pl\/index.php\/2025\/04\/'>kwiecie\u0144 2025<\/a>&nbsp;(12)<\/li>\n\t<li><a href='https:\/\/boxmusic.com.pl\/index.php\/2025\/03\/'>marzec 2025<\/a>&nbsp;(15)<\/li>\n\t<li><a href='https:\/\/boxmusic.com.pl\/index.php\/2025\/02\/'>luty 2025<\/a>&nbsp;(12)<\/li>\n\t<li><a href='https:\/\/boxmusic.com.pl\/index.php\/2025\/01\/'>stycze\u0144 2025<\/a>&nbsp;(15)<\/li>\n\t<li><a href='https:\/\/boxmusic.com.pl\/index.php\/2024\/12\/'>grudzie\u0144 2024<\/a>&nbsp;(14)<\/li>\n\t<li><a href='https:\/\/boxmusic.com.pl\/index.php\/2024\/11\/'>listopad 2024<\/a>&nbsp;(12)<\/li>\n\t<li><a href='https:\/\/boxmusic.com.pl\/index.php\/2024\/10\/'>pa\u017adziernik 2024<\/a>&nbsp;(15)<\/li>\n\t<li><a href='https:\/\/boxmusic.com.pl\/index.php\/2024\/09\/'>wrzesie\u0144 2024<\/a>&nbsp;(11)<\/li>\n\t<li><a href='https:\/\/boxmusic.com.pl\/index.php\/2024\/08\/'>sierpie\u0144 2024<\/a>&nbsp;(16)<\/li>\n\t<li><a href='https:\/\/boxmusic.com.pl\/index.php\/2024\/07\/'>lipiec 2024<\/a>&nbsp;(14)<\/li>\n\t<li><a href='https:\/\/boxmusic.com.pl\/index.php\/2024\/06\/'>czerwiec 2024<\/a>&nbsp;(13)<\/li>\n\t<li><a href='https:\/\/boxmusic.com.pl\/index.php\/2024\/05\/'>maj 2024<\/a>&nbsp;(13)<\/li>\n\t<li><a href='https:\/\/boxmusic.com.pl\/index.php\/2024\/04\/'>kwiecie\u0144 2024<\/a>&nbsp;(14)<\/li>\n\t<li><a href='https:\/\/boxmusic.com.pl\/index.php\/2024\/03\/'>marzec 2024<\/a>&nbsp;(14)<\/li>\n\t<li><a href='https:\/\/boxmusic.com.pl\/index.php\/2024\/02\/'>luty 2024<\/a>&nbsp;(13)<\/li>\n\t<li><a href='https:\/\/boxmusic.com.pl\/index.php\/2024\/01\/'>stycze\u0144 2024<\/a>&nbsp;(14)<\/li>\n\t<li><a href='https:\/\/boxmusic.com.pl\/index.php\/2023\/12\/'>grudzie\u0144 2023<\/a>&nbsp;(14)<\/li>\n\t<li><a href='https:\/\/boxmusic.com.pl\/index.php\/2023\/11\/'>listopad 2023<\/a>&nbsp;(14)<\/li>\n\t<li><a href='https:\/\/boxmusic.com.pl\/index.php\/2023\/10\/'>pa\u017adziernik 2023<\/a>&nbsp;(13)<\/li>\n\t<li><a href='https:\/\/boxmusic.com.pl\/index.php\/2023\/09\/'>wrzesie\u0144 2023<\/a>&nbsp;(10)<\/li>\n\t<li><a href='https:\/\/boxmusic.com.pl\/index.php\/2023\/08\/'>sierpie\u0144 2023<\/a>&nbsp;(15)<\/li>\n\t<li><a href='https:\/\/boxmusic.com.pl\/index.php\/2023\/07\/'>lipiec 2023<\/a>&nbsp;(13)<\/li>\n\t<li><a href='https:\/\/boxmusic.com.pl\/index.php\/2023\/06\/'>czerwiec 2023<\/a>&nbsp;(16)<\/li>\n\t<li><a href='https:\/\/boxmusic.com.pl\/index.php\/2023\/05\/'>maj 2023<\/a>&nbsp;(16)<\/li>\n\t<li><a href='https:\/\/boxmusic.com.pl\/index.php\/2023\/04\/'>kwiecie\u0144 2023<\/a>&nbsp;(14)<\/li>\n\t<li><a href='https:\/\/boxmusic.com.pl\/index.php\/2023\/03\/'>marzec 2023<\/a>&nbsp;(15)<\/li>\n\t<li><a href='https:\/\/boxmusic.com.pl\/index.php\/2023\/02\/'>luty 2023<\/a>&nbsp;(13)<\/li>\n\t<li><a href='https:\/\/boxmusic.com.pl\/index.php\/2023\/01\/'>stycze\u0144 2023<\/a>&nbsp;(12)<\/li>\n\t<li><a href='https:\/\/boxmusic.com.pl\/index.php\/2022\/12\/'>grudzie\u0144 2022<\/a>&nbsp;(15)<\/li>\n\t<li><a href='https:\/\/boxmusic.com.pl\/index.php\/2022\/11\/'>listopad 2022<\/a>&nbsp;(13)<\/li>\n\t<li><a href='https:\/\/boxmusic.com.pl\/index.php\/2022\/10\/'>pa\u017adziernik 2022<\/a>&nbsp;(14)<\/li>\n\t<li><a href='https:\/\/boxmusic.com.pl\/index.php\/2022\/09\/'>wrzesie\u0144 2022<\/a>&nbsp;(15)<\/li>\n\t<li><a href='https:\/\/boxmusic.com.pl\/index.php\/2022\/08\/'>sierpie\u0144 2022<\/a>&nbsp;(15)<\/li>\n\t<li><a href='https:\/\/boxmusic.com.pl\/index.php\/2022\/07\/'>lipiec 2022<\/a>&nbsp;(12)<\/li>\n\t<li><a href='https:\/\/boxmusic.com.pl\/index.php\/2022\/06\/'>czerwiec 2022<\/a>&nbsp;(15)<\/li>\n\t<li><a href='https:\/\/boxmusic.com.pl\/index.php\/2022\/05\/'>maj 2022<\/a>&nbsp;(14)<\/li>\n\t<li><a href='https:\/\/boxmusic.com.pl\/index.php\/2022\/04\/'>kwiecie\u0144 2022<\/a>&nbsp;(13)<\/li>\n\t<li><a href='https:\/\/boxmusic.com.pl\/index.php\/2022\/03\/'>marzec 2022<\/a>&nbsp;(17)<\/li>\n\t<li><a href='https:\/\/boxmusic.com.pl\/index.php\/2022\/02\/'>luty 2022<\/a>&nbsp;(12)<\/li>\n\t<li><a href='https:\/\/boxmusic.com.pl\/index.php\/2022\/01\/'>stycze\u0144 2022<\/a>&nbsp;(13)<\/li>\n\t<li><a href='https:\/\/boxmusic.com.pl\/index.php\/2021\/12\/'>grudzie\u0144 2021<\/a>&nbsp;(12)<\/li>\n\t<li><a href='https:\/\/boxmusic.com.pl\/index.php\/2021\/11\/'>listopad 2021<\/a>&nbsp;(15)<\/li>\n\t<li><a href='https:\/\/boxmusic.com.pl\/index.php\/2021\/10\/'>pa\u017adziernik 2021<\/a>&nbsp;(12)<\/li>\n\t<li><a href='https:\/\/boxmusic.com.pl\/index.php\/2021\/09\/'>wrzesie\u0144 2021<\/a>&nbsp;(14)<\/li>\n\t<li><a href='https:\/\/boxmusic.com.pl\/index.php\/2021\/08\/'>sierpie\u0144 2021<\/a>&nbsp;(13)<\/li>\n\t<li><a href='https:\/\/boxmusic.com.pl\/index.php\/2021\/07\/'>lipiec 2021<\/a>&nbsp;(12)<\/li>\n\t<li><a href='https:\/\/boxmusic.com.pl\/index.php\/2021\/06\/'>czerwiec 2021<\/a>&nbsp;(15)<\/li>\n\t<li><a href='https:\/\/boxmusic.com.pl\/index.php\/2021\/05\/'>maj 2021<\/a>&nbsp;(11)<\/li>\n\t<li><a href='https:\/\/boxmusic.com.pl\/index.php\/2021\/04\/'>kwiecie\u0144 2021<\/a>&nbsp;(12)<\/li>\n\t<li><a href='https:\/\/boxmusic.com.pl\/index.php\/2021\/03\/'>marzec 2021<\/a>&nbsp;(7)<\/li>\n\t<li><a href='https:\/\/boxmusic.com.pl\/index.php\/2021\/02\/'>luty 2021<\/a>&nbsp;(8)<\/li>\n\t<li><a href='https:\/\/boxmusic.com.pl\/index.php\/2021\/01\/'>stycze\u0144 2021<\/a>&nbsp;(12)<\/li>\n\t<li><a href='https:\/\/boxmusic.com.pl\/index.php\/2020\/12\/'>grudzie\u0144 2020<\/a>&nbsp;(14)<\/li>\n\t<li><a href='https:\/\/boxmusic.com.pl\/index.php\/2020\/11\/'>listopad 2020<\/a>&nbsp;(9)<\/li>\n\t<li><a href='https:\/\/boxmusic.com.pl\/index.php\/2020\/10\/'>pa\u017adziernik 2020<\/a>&nbsp;(14)<\/li>\n\t<li><a href='https:\/\/boxmusic.com.pl\/index.php\/2020\/09\/'>wrzesie\u0144 2020<\/a>&nbsp;(11)<\/li>\n\t<li><a href='https:\/\/boxmusic.com.pl\/index.php\/2020\/08\/'>sierpie\u0144 2020<\/a>&nbsp;(10)<\/li>\n\t<li><a href='https:\/\/boxmusic.com.pl\/index.php\/2020\/07\/'>lipiec 2020<\/a>&nbsp;(13)<\/li>\n\t<li><a href='https:\/\/boxmusic.com.pl\/index.php\/2020\/06\/'>czerwiec 2020<\/a>&nbsp;(13)<\/li>\n\t<li><a href='https:\/\/boxmusic.com.pl\/index.php\/2020\/05\/'>maj 2020<\/a>&nbsp;(11)<\/li>\n\t<li><a href='https:\/\/boxmusic.com.pl\/index.php\/2020\/04\/'>kwiecie\u0144 2020<\/a>&nbsp;(12)<\/li>\n\t<li><a href='https:\/\/boxmusic.com.pl\/index.php\/2020\/03\/'>marzec 2020<\/a>&nbsp;(14)<\/li>\n\t<li><a href='https:\/\/boxmusic.com.pl\/index.php\/2020\/02\/'>luty 2020<\/a>&nbsp;(2)<\/li>\n\t<li><a href='https:\/\/boxmusic.com.pl\/index.php\/2019\/05\/'>maj 2019<\/a>&nbsp;(1)<\/li>\n\t<li><a href='https:\/\/boxmusic.com.pl\/index.php\/2018\/05\/'>maj 2018<\/a>&nbsp;(1)<\/li>\n\t<li><a href='https:\/\/boxmusic.com.pl\/index.php\/2018\/04\/'>kwiecie\u0144 2018<\/a>&nbsp;(1)<\/li>\n<\/ul><\/div><\/div>\n<\/div>\n<\/div>\n<\/div>\n<\/div>\n<\/div>\n<\/div>\n<\/div>\n<\/div>\n","protected":false},"excerpt":{"rendered":"","protected":false},"author":3,"featured_media":0,"parent":0,"menu_order":0,"comment_status":"closed","ping_status":"closed","template":"templates\/no-sidebar.php","meta":{"footnotes":""},"class_list":["post-50","page","type-page","status-publish","hentry"],"_links":{"self":[{"href":"https:\/\/boxmusic.com.pl\/index.php\/wp-json\/wp\/v2\/pages\/50","targetHints":{"allow":["GET"]}}],"collection":[{"href":"https:\/\/boxmusic.com.pl\/index.php\/wp-json\/wp\/v2\/pages"}],"about":[{"href":"https:\/\/boxmusic.com.pl\/index.php\/wp-json\/wp\/v2\/types\/page"}],"author":[{"embeddable":true,"href":"https:\/\/boxmusic.com.pl\/index.php\/wp-json\/wp\/v2\/users\/3"}],"replies":[{"embeddable":true,"href":"https:\/\/boxmusic.com.pl\/index.php\/wp-json\/wp\/v2\/comments?post=50"}],"version-history":[{"count":10,"href":"https:\/\/boxmusic.com.pl\/index.php\/wp-json\/wp\/v2\/pages\/50\/revisions"}],"predecessor-version":[{"id":453,"href":"https:\/\/boxmusic.com.pl\/index.php\/wp-json\/wp\/v2\/pages\/50\/revisions\/453"}],"wp:attachment":[{"href":"https:\/\/boxmusic.com.pl\/index.php\/wp-json\/wp\/v2\/media?parent=50"}],"curies":[{"name":"wp","href":"https:\/\/api.w.org\/{rel}","templated":true}]}}