{"id":633,"date":"2021-04-07T05:06:34","date_gmt":"2021-04-07T03:06:34","guid":{"rendered":"https:\/\/boxmusic.com.pl\/?page_id=633"},"modified":"2021-04-13T01:00:33","modified_gmt":"2021-04-12T23:00:33","slug":"slaska-gala-biesiadna-2010","status":"publish","type":"page","link":"https:\/\/boxmusic.com.pl\/index.php\/slaska-gala-biesiadna-na-przestrzeni-lat\/slaska-gala-biesiadna-2010\/","title":{"rendered":"\u015al\u0105ska Gala Biesiadna 2010"},"content":{"rendered":"\n<p>Niezapomniana i bardzo imprezowa \u015al\u0105ska Gala Biesiadna. Dlaczego imprezowa? W ko\u0144cu \u015bwi\u0119towali\u015bmy Urodziny! I to nie byle kogo \u2013 bo samego Kabaretu RAK. Oczywi\u015bcie pierwsza cz\u0119\u015b\u0107 imprezy nale\u017ca\u0142a do tego wyj\u0105tkowego Kabaretu oraz Go\u015bci specjalnych (Kabaret M\u0142odych Pan\u00f3w i Piotr Kupicha). Po raz pierwszy wykonana zosta\u0142a te\u017c przez Kabaret Rak i Piotra Kupich\u0119 legendarna piosenka Katarzyny Gaertner \u2013 <em>Gorzkie dymy<\/em>.<\/p>\n\n\n\n<p>Dodajmy, \u017ce ta wyj\u0105tkowa impreza odby\u0142a si\u0119\u2026 w Katowickim Spodku, a organizowana by\u0142a we wsp\u00f3\u0142pracy z Telewizj\u0105 Polsk\u0105.<\/p>\n\n\n\n<div class=\"wp-block-image\"><figure class=\"aligncenter size-large\"><img loading=\"lazy\" decoding=\"async\" width=\"283\" height=\"398\" src=\"https:\/\/boxmusic.com.pl\/wp-content\/uploads\/2021\/04\/slaska-Gala-biesiadna-2010.jpg\" alt=\"\" class=\"wp-image-623\" srcset=\"https:\/\/boxmusic.com.pl\/wp-content\/uploads\/2021\/04\/slaska-Gala-biesiadna-2010.jpg 283w, https:\/\/boxmusic.com.pl\/wp-content\/uploads\/2021\/04\/slaska-Gala-biesiadna-2010-213x300.jpg 213w, https:\/\/boxmusic.com.pl\/wp-content\/uploads\/2021\/04\/slaska-Gala-biesiadna-2010-17x24.jpg 17w, https:\/\/boxmusic.com.pl\/wp-content\/uploads\/2021\/04\/slaska-Gala-biesiadna-2010-26x36.jpg 26w, https:\/\/boxmusic.com.pl\/wp-content\/uploads\/2021\/04\/slaska-Gala-biesiadna-2010-34x48.jpg 34w\" sizes=\"auto, (max-width: 283px) 100vw, 283px\" \/><\/figure><\/div>\n\n\n\n<p>Poniewa\u017c lubimy zaskakiwa\u0107, r\u00f3wnie\u017c w drugiej cz\u0119\u015bci pojawi\u0142o si\u0119 sporo niespodzianek \u2013 jedn\u0105 z nich by\u0142 wsp\u00f3lny wyst\u0119p Stachurskiego i Kindli, w wielkim hicie Stachurskiego (dodajmy, \u017ce za\u015bpiewanym przez Artyst\u0119 cz\u0119\u015bciowo po \u015bl\u0105sku), czy wyst\u0119p Wojciecha G\u0105ssowskiego. Za\u015bpiewa\u0142 te\u017c Dariusz Niebudek.<\/p>\n\n\n\n<p>Je\u015bli chodzi o Gwiazdy z naszego Regionu, za\u015bpiewali: Miros\u0142aw J\u0119drowski, Grzegorz Kania, Ri-Jo, B.A.R., Gang Marcela, Kola i Jula, Muzykanty, Szlagier Maszyna, Karpowicz Family, Andy &amp; Lucia, Damian Holecki, Leszek i Kornelia Filec, Mona Lisa, Ed\u2019Mans, Duet Karo, Iroxana, New For You, Duo Fenix-Dwa Fyniki, Metrum, Mirek Szo\u0142tysek.<\/p>\n\n\n\n<figure class=\"wp-block-embed is-type-video is-provider-youtube wp-block-embed-youtube wp-embed-aspect-4-3 wp-has-aspect-ratio\"><div class=\"wp-block-embed__wrapper\">\n<iframe loading=\"lazy\" title=\"III \u015al\u0105ska Gala Biesiadna 2010 - ca\u0142y koncert\" width=\"990\" height=\"743\" src=\"https:\/\/www.youtube.com\/embed\/rOrPyOWsuWQ?list=PLtYb99e7DJisA6sL_xUHrAYXn0t_bcJ1t\" frameborder=\"0\" allow=\"accelerometer; autoplay; clipboard-write; encrypted-media; gyroscope; picture-in-picture\" allowfullscreen><\/iframe>\n<\/div><\/figure>\n","protected":false},"excerpt":{"rendered":"<p>Niezapomniana i bardzo imprezowa \u015al\u0105ska Gala Biesiadna. Dlaczego imprezowa? W ko\u0144cu \u015bwi\u0119towali\u015bmy Urodziny! I to nie byle kogo \u2013 bo &hellip; <a href=\"https:\/\/boxmusic.com.pl\/index.php\/slaska-gala-biesiadna-na-przestrzeni-lat\/slaska-gala-biesiadna-2010\/\" class=\"more-link\"><span class=\"more-button\">Czytaj dalej<span class=\"screen-reader-text\">\u015al\u0105ska Gala Biesiadna 2010<\/span><\/span><\/a><\/p>\n","protected":false},"author":3,"featured_media":623,"parent":794,"menu_order":0,"comment_status":"closed","ping_status":"closed","template":"","meta":{"footnotes":""},"class_list":["post-633","page","type-page","status-publish","has-post-thumbnail","hentry"],"_links":{"self":[{"href":"https:\/\/boxmusic.com.pl\/index.php\/wp-json\/wp\/v2\/pages\/633","targetHints":{"allow":["GET"]}}],"collection":[{"href":"https:\/\/boxmusic.com.pl\/index.php\/wp-json\/wp\/v2\/pages"}],"about":[{"href":"https:\/\/boxmusic.com.pl\/index.php\/wp-json\/wp\/v2\/types\/page"}],"author":[{"embeddable":true,"href":"https:\/\/boxmusic.com.pl\/index.php\/wp-json\/wp\/v2\/users\/3"}],"replies":[{"embeddable":true,"href":"https:\/\/boxmusic.com.pl\/index.php\/wp-json\/wp\/v2\/comments?post=633"}],"version-history":[{"count":1,"href":"https:\/\/boxmusic.com.pl\/index.php\/wp-json\/wp\/v2\/pages\/633\/revisions"}],"predecessor-version":[{"id":634,"href":"https:\/\/boxmusic.com.pl\/index.php\/wp-json\/wp\/v2\/pages\/633\/revisions\/634"}],"up":[{"embeddable":true,"href":"https:\/\/boxmusic.com.pl\/index.php\/wp-json\/wp\/v2\/pages\/794"}],"wp:featuredmedia":[{"embeddable":true,"href":"https:\/\/boxmusic.com.pl\/index.php\/wp-json\/wp\/v2\/media\/623"}],"wp:attachment":[{"href":"https:\/\/boxmusic.com.pl\/index.php\/wp-json\/wp\/v2\/media?parent=633"}],"curies":[{"name":"wp","href":"https:\/\/api.w.org\/{rel}","templated":true}]}}