{"id":637,"date":"2021-04-07T05:11:01","date_gmt":"2021-04-07T03:11:01","guid":{"rendered":"https:\/\/boxmusic.com.pl\/?page_id=637"},"modified":"2021-04-13T01:01:51","modified_gmt":"2021-04-12T23:01:51","slug":"slaska-gala-biesiadna-2012","status":"publish","type":"page","link":"https:\/\/boxmusic.com.pl\/index.php\/slaska-gala-biesiadna-na-przestrzeni-lat\/slaska-gala-biesiadna-2012\/","title":{"rendered":"\u015al\u0105ska Gala Biesiadna 2012"},"content":{"rendered":"\n<div class=\"wp-block-image\"><figure class=\"aligncenter size-large\"><img loading=\"lazy\" decoding=\"async\" width=\"248\" height=\"350\" src=\"https:\/\/boxmusic.com.pl\/wp-content\/uploads\/2021\/04\/slaska-Gala-Biesiadna-2012.jpg\" alt=\"\" class=\"wp-image-625\" srcset=\"https:\/\/boxmusic.com.pl\/wp-content\/uploads\/2021\/04\/slaska-Gala-Biesiadna-2012.jpg 248w, https:\/\/boxmusic.com.pl\/wp-content\/uploads\/2021\/04\/slaska-Gala-Biesiadna-2012-213x300.jpg 213w, https:\/\/boxmusic.com.pl\/wp-content\/uploads\/2021\/04\/slaska-Gala-Biesiadna-2012-17x24.jpg 17w, https:\/\/boxmusic.com.pl\/wp-content\/uploads\/2021\/04\/slaska-Gala-Biesiadna-2012-26x36.jpg 26w, https:\/\/boxmusic.com.pl\/wp-content\/uploads\/2021\/04\/slaska-Gala-Biesiadna-2012-34x48.jpg 34w\" sizes=\"auto, (max-width: 248px) 100vw, 248px\" \/><\/figure><\/div>\n\n\n\n<p>Niezapomniana i bardzo dopracowana \u015al\u0105ska Gala Biesiadna. Wydarzenie poprowadzili Dariusz Niebudek oraz Kola i Jula. Tym razem Go\u015bciem specjalnym wydarzenia by\u0142 legendarny Tercet Egzotyczny. O dobry humor zadba\u0142 Kabaret M\u0142odych Pan\u00f3w. Podczas koncertu premiery swoich najnowszych kr\u0105\u017ck\u00f3w \u015bwi\u0119towali i zaprezentowali z tej okazji minirecitale: Duet Karo (<em>Tylko mi\u0142o\u015b\u0107 liczy si\u0119<\/em>) oraz Damian Holecki (<em>W si\u00f3dmym niebie<\/em>), Mona Lisa (<em>Chc\u0119 Ci da\u0107 moj\u0105 mi\u0142o\u015b\u0107<\/em>). \u00a0<\/p>\n\n\n\n<p>Na scenie za\u015bpiewali r\u00f3wnie\u017c: Metrum, Duo Fenix-Dwa Fyniki, Leszek i Kornelia Filec, Oxforduo, New For You, Miros\u0142aw J\u0119drowski, Ed\u2019Mans, Happy Folk, Mariusz Kalaga oraz Mirek Szo\u0142tysek.<\/p>\n\n\n","protected":false},"excerpt":{"rendered":"<p>Niezapomniana i bardzo dopracowana \u015al\u0105ska Gala Biesiadna. Wydarzenie poprowadzili Dariusz Niebudek oraz Kola i Jula. Tym razem Go\u015bciem specjalnym wydarzenia &hellip; <a href=\"https:\/\/boxmusic.com.pl\/index.php\/slaska-gala-biesiadna-na-przestrzeni-lat\/slaska-gala-biesiadna-2012\/\" class=\"more-link\"><span class=\"more-button\">Czytaj dalej<span class=\"screen-reader-text\">\u015al\u0105ska Gala Biesiadna 2012<\/span><\/span><\/a><\/p>\n","protected":false},"author":3,"featured_media":625,"parent":794,"menu_order":0,"comment_status":"closed","ping_status":"closed","template":"","meta":{"footnotes":""},"class_list":["post-637","page","type-page","status-publish","has-post-thumbnail","hentry"],"_links":{"self":[{"href":"https:\/\/boxmusic.com.pl\/index.php\/wp-json\/wp\/v2\/pages\/637","targetHints":{"allow":["GET"]}}],"collection":[{"href":"https:\/\/boxmusic.com.pl\/index.php\/wp-json\/wp\/v2\/pages"}],"about":[{"href":"https:\/\/boxmusic.com.pl\/index.php\/wp-json\/wp\/v2\/types\/page"}],"author":[{"embeddable":true,"href":"https:\/\/boxmusic.com.pl\/index.php\/wp-json\/wp\/v2\/users\/3"}],"replies":[{"embeddable":true,"href":"https:\/\/boxmusic.com.pl\/index.php\/wp-json\/wp\/v2\/comments?post=637"}],"version-history":[{"count":1,"href":"https:\/\/boxmusic.com.pl\/index.php\/wp-json\/wp\/v2\/pages\/637\/revisions"}],"predecessor-version":[{"id":638,"href":"https:\/\/boxmusic.com.pl\/index.php\/wp-json\/wp\/v2\/pages\/637\/revisions\/638"}],"up":[{"embeddable":true,"href":"https:\/\/boxmusic.com.pl\/index.php\/wp-json\/wp\/v2\/pages\/794"}],"wp:featuredmedia":[{"embeddable":true,"href":"https:\/\/boxmusic.com.pl\/index.php\/wp-json\/wp\/v2\/media\/625"}],"wp:attachment":[{"href":"https:\/\/boxmusic.com.pl\/index.php\/wp-json\/wp\/v2\/media?parent=637"}],"curies":[{"name":"wp","href":"https:\/\/api.w.org\/{rel}","templated":true}]}}