{"id":639,"date":"2021-04-07T05:12:27","date_gmt":"2021-04-07T03:12:27","guid":{"rendered":"https:\/\/boxmusic.com.pl\/?page_id=639"},"modified":"2021-04-19T21:22:44","modified_gmt":"2021-04-19T19:22:44","slug":"slaska-gala-biesiadna-2013","status":"publish","type":"page","link":"https:\/\/boxmusic.com.pl\/index.php\/slaska-gala-biesiadna-na-przestrzeni-lat\/slaska-gala-biesiadna-2013\/","title":{"rendered":"\u015al\u0105ska Gala Biesiadna 2013"},"content":{"rendered":"\n<div class=\"wp-block-image\"><figure class=\"aligncenter size-large\"><img loading=\"lazy\" decoding=\"async\" width=\"379\" height=\"541\" src=\"https:\/\/boxmusic.com.pl\/wp-content\/uploads\/2021\/04\/sgb-2013.jpg\" alt=\"\" class=\"wp-image-626\" srcset=\"https:\/\/boxmusic.com.pl\/wp-content\/uploads\/2021\/04\/sgb-2013.jpg 379w, https:\/\/boxmusic.com.pl\/wp-content\/uploads\/2021\/04\/sgb-2013-210x300.jpg 210w, https:\/\/boxmusic.com.pl\/wp-content\/uploads\/2021\/04\/sgb-2013-17x24.jpg 17w, https:\/\/boxmusic.com.pl\/wp-content\/uploads\/2021\/04\/sgb-2013-25x36.jpg 25w, https:\/\/boxmusic.com.pl\/wp-content\/uploads\/2021\/04\/sgb-2013-34x48.jpg 34w\" sizes=\"auto, (max-width: 379px) 100vw, 379px\" \/><\/figure><\/div>\n\n\n\n<p>Kolejna wyj\u0105tkowa i niezapomniana \u015al\u0105ska Gala Biesiadna, kt\u00f3ra jak co roku przyci\u0105gn\u0119\u0142a t\u0142umy amator\u00f3w Szlagier\u00f3w. Wydarzenie poprowadzili Joanna Bartel, Andrzej Mi\u015b i Dariusz Niebudek. Go\u015bciem specjalnym koncertu by\u0142 uwielbiany Zesp\u00f3\u0142 Krywa\u0144. O dobry humor zadba\u0142 popularny Kabaret M\u0142odych Pan\u00f3w oraz Grzegorz Poloczek.<\/p>\n\n\n\n<p>Gala zapisa\u0142a si\u0119 w historii r\u00f3wnie\u017c dzi\u0119ki wr\u0119czeniu podczas wydarzenia a\u017c dw\u00f3m naszym Artystom Z\u0142otych P\u0142yt \u2013 pierwsz\u0105 z nich otrzyma\u0142 Grzegorz Poloczek, kolejn\u0105 \u2013 Damian Holecki.<\/p>\n\n\n\n<p>Na scenie za\u015bpiewali: Mirek Szo\u0142tysek, Leszek i Kornelia Filec, Metrum, Oxforduo, Duo Fenix-Dwa Fyniki, Grzegorz Poloczek, Stach, Duet Karo, Damian Holecki, Magdalena Pal (w duecie z Damianem Holeckim), New For You.<\/p>\n\n\n\n<figure class=\"wp-block-embed is-type-video is-provider-youtube wp-block-embed-youtube wp-embed-aspect-16-9 wp-has-aspect-ratio\"><div class=\"wp-block-embed__wrapper\">\n<iframe loading=\"lazy\" title=\"\u015al\u0105ska Gala Biesiadna 2013 - ca\u0142o\u015b\u0107 koncertu\" width=\"990\" height=\"557\" src=\"https:\/\/www.youtube.com\/embed\/GeNlxM7hpLY?feature=oembed\" frameborder=\"0\" allow=\"accelerometer; autoplay; clipboard-write; encrypted-media; gyroscope; picture-in-picture\" allowfullscreen><\/iframe>\n<\/div><\/figure>\n","protected":false},"excerpt":{"rendered":"<p>Kolejna wyj\u0105tkowa i niezapomniana \u015al\u0105ska Gala Biesiadna, kt\u00f3ra jak co roku przyci\u0105gn\u0119\u0142a t\u0142umy amator\u00f3w Szlagier\u00f3w. Wydarzenie poprowadzili Joanna Bartel, Andrzej &hellip; <a href=\"https:\/\/boxmusic.com.pl\/index.php\/slaska-gala-biesiadna-na-przestrzeni-lat\/slaska-gala-biesiadna-2013\/\" class=\"more-link\"><span class=\"more-button\">Czytaj dalej<span class=\"screen-reader-text\">\u015al\u0105ska Gala Biesiadna 2013<\/span><\/span><\/a><\/p>\n","protected":false},"author":3,"featured_media":626,"parent":794,"menu_order":0,"comment_status":"closed","ping_status":"closed","template":"","meta":{"footnotes":""},"class_list":["post-639","page","type-page","status-publish","has-post-thumbnail","hentry"],"_links":{"self":[{"href":"https:\/\/boxmusic.com.pl\/index.php\/wp-json\/wp\/v2\/pages\/639","targetHints":{"allow":["GET"]}}],"collection":[{"href":"https:\/\/boxmusic.com.pl\/index.php\/wp-json\/wp\/v2\/pages"}],"about":[{"href":"https:\/\/boxmusic.com.pl\/index.php\/wp-json\/wp\/v2\/types\/page"}],"author":[{"embeddable":true,"href":"https:\/\/boxmusic.com.pl\/index.php\/wp-json\/wp\/v2\/users\/3"}],"replies":[{"embeddable":true,"href":"https:\/\/boxmusic.com.pl\/index.php\/wp-json\/wp\/v2\/comments?post=639"}],"version-history":[{"count":2,"href":"https:\/\/boxmusic.com.pl\/index.php\/wp-json\/wp\/v2\/pages\/639\/revisions"}],"predecessor-version":[{"id":1055,"href":"https:\/\/boxmusic.com.pl\/index.php\/wp-json\/wp\/v2\/pages\/639\/revisions\/1055"}],"up":[{"embeddable":true,"href":"https:\/\/boxmusic.com.pl\/index.php\/wp-json\/wp\/v2\/pages\/794"}],"wp:featuredmedia":[{"embeddable":true,"href":"https:\/\/boxmusic.com.pl\/index.php\/wp-json\/wp\/v2\/media\/626"}],"wp:attachment":[{"href":"https:\/\/boxmusic.com.pl\/index.php\/wp-json\/wp\/v2\/media?parent=639"}],"curies":[{"name":"wp","href":"https:\/\/api.w.org\/{rel}","templated":true}]}}