{"id":641,"date":"2021-04-07T05:14:54","date_gmt":"2021-04-07T03:14:54","guid":{"rendered":"https:\/\/boxmusic.com.pl\/?page_id=641"},"modified":"2021-04-13T01:01:37","modified_gmt":"2021-04-12T23:01:37","slug":"slaska-gala-biesiadna-2014","status":"publish","type":"page","link":"https:\/\/boxmusic.com.pl\/index.php\/slaska-gala-biesiadna-na-przestrzeni-lat\/slaska-gala-biesiadna-2014\/","title":{"rendered":"\u015al\u0105ska Gala Biesiadna 2014"},"content":{"rendered":"\n<div class=\"wp-block-image\"><figure class=\"aligncenter size-large\"><img loading=\"lazy\" decoding=\"async\" width=\"383\" height=\"543\" src=\"https:\/\/boxmusic.com.pl\/wp-content\/uploads\/2021\/04\/sgb-2014.jpg\" alt=\"\" class=\"wp-image-627\" srcset=\"https:\/\/boxmusic.com.pl\/wp-content\/uploads\/2021\/04\/sgb-2014.jpg 383w, https:\/\/boxmusic.com.pl\/wp-content\/uploads\/2021\/04\/sgb-2014-212x300.jpg 212w, https:\/\/boxmusic.com.pl\/wp-content\/uploads\/2021\/04\/sgb-2014-17x24.jpg 17w, https:\/\/boxmusic.com.pl\/wp-content\/uploads\/2021\/04\/sgb-2014-25x36.jpg 25w, https:\/\/boxmusic.com.pl\/wp-content\/uploads\/2021\/04\/sgb-2014-34x48.jpg 34w\" sizes=\"auto, (max-width: 383px) 100vw, 383px\" \/><\/figure><\/div>\n\n\n\n<p>Niezapomniana i wyj\u0105tkowa \u015al\u0105ska Gala Biesiadna, kt\u00f3ra po raz kolejny przyci\u0105gn\u0119\u0142a do Domu Muzyki i Ta\u0144ca t\u0142umy Widz\u00f3w. Podczas koncertu po raz kolejny wyst\u0105pi\u0142a plejada Gwiazd \u015al\u0105skiej Estrady. Koncert poprowadzili Joanna Bartel, Andrzej Mi\u015b i Dariusz Niebudek. Gwiazd\u0105 imprezy by\u0142 uwielbiany Artysta \u2013 Andrzej Rybi\u0144ski.<\/p>\n\n\n\n<p>Po raz kolejny nie mog\u0142o zabrakn\u0105\u0107 akcent\u00f3w kabaretowych \u2013 o kt\u00f3re zatroszczy\u0142 si\u0119 Grzegorz Poloczek. Podczas imprezy odby\u0142o si\u0119 te\u017c uroczyste wr\u0119czenie (drugiej) Z\u0142otej P\u0142yty Damianowi Holeckiemu. Na scenie za\u015bpiewali: Leszek Filec, Oxforduo, Miros\u0142aw Szo\u0142tysek, Grzegorz Poloczek, De Silvers, Damian Holecki, Stach, Klaudia i Remi, New For You, Karpowicz Family, Marta Hawrot i Edek Sikora, Bernadeta Kowalska i Przyjaciele.<\/p>\n\n\n\n<p>O opraw\u0119 wyst\u0119p\u00f3w zatroszczy\u0142a si\u0119 Grupa Dance Art oraz Weso\u0142a Biesiada.<\/p>\n\n\n\n<figure class=\"wp-block-embed is-type-video is-provider-youtube wp-block-embed-youtube wp-embed-aspect-4-3 wp-has-aspect-ratio\"><div class=\"wp-block-embed__wrapper\">\n<iframe loading=\"lazy\" title=\"VII \u015al\u0105ska Gala Biesiadna 2014 - ca\u0142y koncert\" width=\"990\" height=\"743\" src=\"https:\/\/www.youtube.com\/embed\/9MN3v_KevqE?list=PLtYb99e7DJisA6sL_xUHrAYXn0t_bcJ1t\" frameborder=\"0\" allow=\"accelerometer; autoplay; clipboard-write; encrypted-media; gyroscope; picture-in-picture\" allowfullscreen><\/iframe>\n<\/div><\/figure>\n","protected":false},"excerpt":{"rendered":"<p>Niezapomniana i wyj\u0105tkowa \u015al\u0105ska Gala Biesiadna, kt\u00f3ra po raz kolejny przyci\u0105gn\u0119\u0142a do Domu Muzyki i Ta\u0144ca t\u0142umy Widz\u00f3w. Podczas koncertu &hellip; <a href=\"https:\/\/boxmusic.com.pl\/index.php\/slaska-gala-biesiadna-na-przestrzeni-lat\/slaska-gala-biesiadna-2014\/\" class=\"more-link\"><span class=\"more-button\">Czytaj dalej<span class=\"screen-reader-text\">\u015al\u0105ska Gala Biesiadna 2014<\/span><\/span><\/a><\/p>\n","protected":false},"author":3,"featured_media":627,"parent":794,"menu_order":0,"comment_status":"closed","ping_status":"closed","template":"","meta":{"footnotes":""},"class_list":["post-641","page","type-page","status-publish","has-post-thumbnail","hentry"],"_links":{"self":[{"href":"https:\/\/boxmusic.com.pl\/index.php\/wp-json\/wp\/v2\/pages\/641","targetHints":{"allow":["GET"]}}],"collection":[{"href":"https:\/\/boxmusic.com.pl\/index.php\/wp-json\/wp\/v2\/pages"}],"about":[{"href":"https:\/\/boxmusic.com.pl\/index.php\/wp-json\/wp\/v2\/types\/page"}],"author":[{"embeddable":true,"href":"https:\/\/boxmusic.com.pl\/index.php\/wp-json\/wp\/v2\/users\/3"}],"replies":[{"embeddable":true,"href":"https:\/\/boxmusic.com.pl\/index.php\/wp-json\/wp\/v2\/comments?post=641"}],"version-history":[{"count":2,"href":"https:\/\/boxmusic.com.pl\/index.php\/wp-json\/wp\/v2\/pages\/641\/revisions"}],"predecessor-version":[{"id":643,"href":"https:\/\/boxmusic.com.pl\/index.php\/wp-json\/wp\/v2\/pages\/641\/revisions\/643"}],"up":[{"embeddable":true,"href":"https:\/\/boxmusic.com.pl\/index.php\/wp-json\/wp\/v2\/pages\/794"}],"wp:featuredmedia":[{"embeddable":true,"href":"https:\/\/boxmusic.com.pl\/index.php\/wp-json\/wp\/v2\/media\/627"}],"wp:attachment":[{"href":"https:\/\/boxmusic.com.pl\/index.php\/wp-json\/wp\/v2\/media?parent=641"}],"curies":[{"name":"wp","href":"https:\/\/api.w.org\/{rel}","templated":true}]}}