{"id":96,"date":"2021-03-18T03:51:26","date_gmt":"2021-03-18T02:51:26","guid":{"rendered":"https:\/\/boxmusic.com.pl\/?page_id=96"},"modified":"2021-03-25T04:39:58","modified_gmt":"2021-03-25T03:39:58","slug":"duet-karo","status":"publish","type":"page","link":"https:\/\/boxmusic.com.pl\/index.php\/artysci\/duet-karo\/","title":{"rendered":"Duet Karo"},"content":{"rendered":"\n<div class=\"wp-block-image\"><figure class=\"aligncenter size-large is-resized\"><img loading=\"lazy\" decoding=\"async\" src=\"https:\/\/boxmusic.com.pl\/wp-content\/uploads\/2021\/03\/duet-karo-4.jpg\" alt=\"\" class=\"wp-image-62\" width=\"739\" height=\"493\" srcset=\"https:\/\/boxmusic.com.pl\/wp-content\/uploads\/2021\/03\/duet-karo-4.jpg 1024w, https:\/\/boxmusic.com.pl\/wp-content\/uploads\/2021\/03\/duet-karo-4-300x200.jpg 300w, https:\/\/boxmusic.com.pl\/wp-content\/uploads\/2021\/03\/duet-karo-4-768x512.jpg 768w, https:\/\/boxmusic.com.pl\/wp-content\/uploads\/2021\/03\/duet-karo-4-24x16.jpg 24w, https:\/\/boxmusic.com.pl\/wp-content\/uploads\/2021\/03\/duet-karo-4-36x24.jpg 36w, https:\/\/boxmusic.com.pl\/wp-content\/uploads\/2021\/03\/duet-karo-4-48x32.jpg 48w\" sizes=\"auto, (max-width: 739px) 100vw, 739px\" \/><\/figure><\/div>\n\n\n\n<p>Zesp\u00f3\u0142 z Chorzowa, za\u0142o\u017cony w 2000 roku, kt\u00f3rego trzon stanowi ma\u0142\u017ce\u0144stwo \u2013 Ela i Stefan Witkowscy. To jeden z najpopularniejszych Zespo\u0142\u00f3w z naszego regionu. Duet Karo wyda\u0142 ju\u017c 4 p\u0142yty CD oraz p\u0142yt\u0119 DVD, na kt\u00f3rych znalaz\u0142o si\u0119 wiele przeboj\u00f3w. Utwory Eli i Stefana utrzymane s\u0105 w r\u00f3\u017cnych klimatach muzycznych \u2013 szlagierowych, biesiadnych, ale te\u017c popowych, wakacyjnych greckich rytmach czy te\u017c bardzo romantycznych ballad. Zesp\u00f3\u0142 jest laureatem wielu nagr\u00f3d i wyr\u00f3\u017cnie\u0144. Autorem zdecydowanej wi\u0119kszo\u015bci tekst\u00f3w oraz kompozycji na ich p\u0142ytach jest sam Stefan. Ela troszczy si\u0119 natomiast o wizerunek zespo\u0142u. W\u015br\u00f3d najwi\u0119kszych przeboj\u00f3w Duetu Karo wymieni\u0107 mo\u017cna piosenki: <em>1,2,3,4 dziubka mi dej<\/em>, <em>Fajno frelka<\/em>, <em>Kocham jedynie Ciebie<\/em>, <em>Tylko mi\u0142o\u015b\u0107 liczy si\u0119<\/em>, <em>\u017boneczka<\/em>, K<em>ochosz mie czy niy<\/em>.<\/p>\n\n\n\n<figure class=\"wp-block-image size-large\"><img loading=\"lazy\" decoding=\"async\" width=\"683\" height=\"1024\" src=\"https:\/\/boxmusic.com.pl\/wp-content\/uploads\/2021\/03\/IMG_5970-683x1024.jpg\" alt=\"\" class=\"wp-image-111\" srcset=\"https:\/\/boxmusic.com.pl\/wp-content\/uploads\/2021\/03\/IMG_5970-683x1024.jpg 683w, https:\/\/boxmusic.com.pl\/wp-content\/uploads\/2021\/03\/IMG_5970-200x300.jpg 200w, https:\/\/boxmusic.com.pl\/wp-content\/uploads\/2021\/03\/IMG_5970-768x1152.jpg 768w, https:\/\/boxmusic.com.pl\/wp-content\/uploads\/2021\/03\/IMG_5970-1024x1536.jpg 1024w, https:\/\/boxmusic.com.pl\/wp-content\/uploads\/2021\/03\/IMG_5970-1365x2048.jpg 1365w, https:\/\/boxmusic.com.pl\/wp-content\/uploads\/2021\/03\/IMG_5970-1200x1800.jpg 1200w, https:\/\/boxmusic.com.pl\/wp-content\/uploads\/2021\/03\/IMG_5970-1980x2970.jpg 1980w, https:\/\/boxmusic.com.pl\/wp-content\/uploads\/2021\/03\/IMG_5970-16x24.jpg 16w, https:\/\/boxmusic.com.pl\/wp-content\/uploads\/2021\/03\/IMG_5970-24x36.jpg 24w, https:\/\/boxmusic.com.pl\/wp-content\/uploads\/2021\/03\/IMG_5970-32x48.jpg 32w, https:\/\/boxmusic.com.pl\/wp-content\/uploads\/2021\/03\/IMG_5970-scaled.jpg 1707w\" sizes=\"auto, (max-width: 683px) 100vw, 683px\" \/><\/figure>\n\n\n\n<p>Ich najnowsza p\u0142yta \u2013 <em>Mi\u0142o\u015b\u0107 to cudowny sen<\/em> \u2013 ukaza\u0142a si\u0119 w kwietniu 2017 roku. Jest bardzo przebojowa, optymistyczna, taneczna. Wiele piosenek przywodzi na my\u015bl lato i wakacje. Nie brak jednak te\u017c wielu nastrojowych i romantycznych utwor\u00f3w. Znajdziemy tu przeboje, jak <em>Mi\u0142o\u015b\u0107 to cudowny sen<\/em>, <em>\u015alonski szlagier<\/em>, <em>Zosta\u0144 tu<\/em>, <em>Moja Ela<\/em> i wiele innych.<\/p>\n","protected":false},"excerpt":{"rendered":"<p>Zesp\u00f3\u0142 z Chorzowa, za\u0142o\u017cony w 2000 roku, kt\u00f3rego trzon stanowi ma\u0142\u017ce\u0144stwo \u2013 Ela i Stefan Witkowscy. To jeden z najpopularniejszych &hellip; <a href=\"https:\/\/boxmusic.com.pl\/index.php\/artysci\/duet-karo\/\" class=\"more-link\"><span class=\"more-button\">Czytaj dalej<span class=\"screen-reader-text\">Duet Karo<\/span><\/span><\/a><\/p>\n","protected":false},"author":3,"featured_media":62,"parent":55,"menu_order":0,"comment_status":"closed","ping_status":"closed","template":"","meta":{"footnotes":""},"class_list":["post-96","page","type-page","status-publish","has-post-thumbnail","hentry"],"_links":{"self":[{"href":"https:\/\/boxmusic.com.pl\/index.php\/wp-json\/wp\/v2\/pages\/96","targetHints":{"allow":["GET"]}}],"collection":[{"href":"https:\/\/boxmusic.com.pl\/index.php\/wp-json\/wp\/v2\/pages"}],"about":[{"href":"https:\/\/boxmusic.com.pl\/index.php\/wp-json\/wp\/v2\/types\/page"}],"author":[{"embeddable":true,"href":"https:\/\/boxmusic.com.pl\/index.php\/wp-json\/wp\/v2\/users\/3"}],"replies":[{"embeddable":true,"href":"https:\/\/boxmusic.com.pl\/index.php\/wp-json\/wp\/v2\/comments?post=96"}],"version-history":[{"count":6,"href":"https:\/\/boxmusic.com.pl\/index.php\/wp-json\/wp\/v2\/pages\/96\/revisions"}],"predecessor-version":[{"id":523,"href":"https:\/\/boxmusic.com.pl\/index.php\/wp-json\/wp\/v2\/pages\/96\/revisions\/523"}],"up":[{"embeddable":true,"href":"https:\/\/boxmusic.com.pl\/index.php\/wp-json\/wp\/v2\/pages\/55"}],"wp:featuredmedia":[{"embeddable":true,"href":"https:\/\/boxmusic.com.pl\/index.php\/wp-json\/wp\/v2\/media\/62"}],"wp:attachment":[{"href":"https:\/\/boxmusic.com.pl\/index.php\/wp-json\/wp\/v2\/media?parent=96"}],"curies":[{"name":"wp","href":"https:\/\/api.w.org\/{rel}","templated":true}]}}